{"id":9746,"date":"2022-08-18T12:34:56","date_gmt":"2022-08-18T12:34:56","guid":{"rendered":"https:\/\/retroeyeweartr.com\/index.php\/urun\/retro-enigma-ii-c02-146-150-kadin-koseli-gunes-gozlugu\/"},"modified":"2024-04-24T14:41:54","modified_gmt":"2024-04-24T14:41:54","slug":"retro-enigma-ii-c02-146-150-kadin-koseli-gunes-gozlugu","status":"publish","type":"product","link":"https:\/\/retroeyeweartr.com\/index.php\/urun\/retro-enigma-ii-c02-146-150-kadin-koseli-gunes-gozlugu\/","title":{"rendered":"Retro ENIGMA II C02 146-150  Kad\u0131n K\u00f6\u015feli G\u00fcne\u015f G\u00f6zl\u00fc\u011f\u00fc"},"content":{"rendered":"<h2 style=\"text-align:center\"><span style=\"background-color:transparent;font-family:Montserrat,sans-serif;font-size:17pt\">RETRO ENIGMA II C02 146-150 KADIN G&uuml;ne\u015f G&ouml;zl&uuml;\u011f&uuml; <\/span><\/h2>\n<p><span style=\"background-color:transparent;font-family:Montserrat,sans-serif;font-size:11pt\"><strong>Retro ENIGMA II C02 <\/strong>g&uuml;ne\u015f g&ouml;zl&uuml;\u011f&uuml;<\/span><span style=\"background-color:transparent;font-family:Montserrat,sans-serif;font-size:11pt\"> <\/span><span style=\"background-color:transparent;color:#434343;font-family:Montserrat,sans-serif;font-size:11pt\">&nbsp;<\/span><span style=\"color:#434343;font-family:Montserrat,sans-serif;font-size:11pt\">mask&uuml;len dokunu\u015flar\u0131 seviyorsan\u0131z, kad\u0131n erkek ayr\u0131m\u0131 olmaks\u0131z\u0131n kullanabilece\u011finiz bu g&uuml;ne\u015f g&ouml;zl&uuml;\u011f&uuml; ile adeta bir moda ikonuna d&ouml;n&uuml;\u015febilirsiniz. Do\u011fru aksesuarlar ile tamamlad\u0131\u011f\u0131n\u0131zda, son dokunu\u015funuzu da ENIGMA II modeli ile yapabilirsiniz.<\/span><\/p>\n<h3 style=\"text-align:justify\"><span style=\"background-color:transparent;font-family:Montserrat,sans-serif;font-size:15pt\">&Uuml;r&uuml;n &Ouml;zellikleri<\/span><\/h3>\n<div style=\"margin-left:0pt\">\n<table style=\"border-bottom:medium none;border-left:medium none;border-right:medium none;border-top:medium none\">\n<tbody>\n<tr>\n<td style=\"vertical-align:top\">\n<p style=\"text-align:justify\"><span style=\"background-color:transparent;font-family:Montserrat,sans-serif;font-size:11pt\">Marka &ndash; Model<\/span><\/p>\n<\/td>\n<td style=\"vertical-align:top\">\n<p style=\"text-align:justify\"><span style=\"background-color:transparent;font-family:Montserrat,sans-serif;font-size:11pt\">Retro ENIGMA II C02<\/span><\/p>\n<\/td>\n<\/tr>\n<tr>\n<td style=\"vertical-align:top\">\n<p style=\"text-align:justify\"><span style=\"background-color:transparent;font-family:Montserrat,sans-serif;font-size:11pt\">Ekartman<\/span><\/p>\n<\/td>\n<td style=\"vertical-align:top\">\n<p style=\"text-align:justify\"><span style=\"background-color:transparent;font-family:Montserrat,sans-serif;font-size:11pt\">146-150 mm.<\/span><\/p>\n<\/td>\n<\/tr>\n<tr>\n<td style=\"vertical-align:top\">\n<p style=\"text-align:justify\"><span style=\"background-color:transparent;font-family:Montserrat,sans-serif;font-size:11pt\">&Ccedil;er&ccedil;eve rengi<\/span><\/p>\n<\/td>\n<td style=\"vertical-align:top\">\n<p style=\"text-align:justify\"><span style=\"background-color:transparent;font-family:Montserrat,sans-serif;font-size:11pt\">Siyah<\/span><\/p>\n<\/td>\n<\/tr>\n<tr>\n<td style=\"vertical-align:top\">\n<p style=\"text-align:justify\"><span style=\"background-color:transparent;font-family:Montserrat,sans-serif;font-size:11pt\">&Ccedil;er&ccedil;eve Stili<\/span><\/p>\n<\/td>\n<td style=\"vertical-align:top\">\n<p style=\"text-align:justify\"><span style=\"background-color:transparent;font-family:Montserrat,sans-serif;font-size:11pt\">Dikd&ouml;rtgen &Ccedil;er&ccedil;eve<\/span><\/p>\n<\/td>\n<\/tr>\n<tr>\n<td style=\"vertical-align:top\">\n<p style=\"text-align:justify\"><span style=\"background-color:transparent;font-family:Montserrat,sans-serif;font-size:11pt\">Materyal<\/span><\/p>\n<\/td>\n<td style=\"vertical-align:top\">\n<p style=\"text-align:justify\"><span style=\"background-color:transparent;font-family:Montserrat,sans-serif;font-size:11pt\">Asetat<\/span><\/p>\n<\/td>\n<\/tr>\n<tr>\n<td style=\"vertical-align:top\">\n<p style=\"text-align:justify\"><span style=\"background-color:transparent;font-family:Montserrat,sans-serif;font-size:11pt\">Cam &ouml;zelli\u011fi<\/span><\/p>\n<\/td>\n<td style=\"vertical-align:top\">\n<p style=\"text-align:justify\"><span style=\"background-color:transparent;font-family:Montserrat,sans-serif;font-size:11pt\">UV Korumal\u0131 Polikarbon Camlar<\/span><\/p>\n<\/td>\n<\/tr>\n<tr>\n<td style=\"vertical-align:top\">\n<p style=\"text-align:justify\"><span style=\"background-color:transparent;font-family:Montserrat,sans-serif;font-size:11pt\">Cam Rengi<\/span><\/p>\n<\/td>\n<td style=\"vertical-align:top\">\n<p style=\"text-align:justify\"><span style=\"background-color:transparent;font-family:Montserrat,sans-serif;font-size:11pt\">F&uuml;me Camlar<\/span><\/p>\n<\/td>\n<\/tr>\n<\/tbody>\n<\/table>\n<\/div>\n<h3 style=\"text-align:justify\"><span style=\"background-color:transparent;font-family:Montserrat,sans-serif;font-size:15pt\">Garanti ve iade<\/span><\/h3>\n<p style=\"text-align:justify\"><span style=\"background-color:transparent;font-family:Montserrat,sans-serif;font-size:11pt\">Sat\u0131n ald\u0131\u011f\u0131n\u0131z &uuml;r&uuml;n&uuml;n&uuml;z&uuml;, T&uuml;ketici Haklar\u0131 Koruma Kanunu kapsam\u0131nda &uuml;r&uuml;n &uuml;zerinde bulunan <\/span><strong>koruma kilidi a&ccedil;\u0131lmad\u0131\u011f\u0131 takdirde<\/strong><span style=\"background-color:transparent;font-family:Montserrat,sans-serif;font-size:11pt\">, <\/span><strong>15 g&uuml;n<\/strong><span style=\"background-color:transparent;font-family:Montserrat,sans-serif;font-size:11pt\"> \u015farts\u0131z ko\u015fulsuz iade ve de\u011fi\u015fim yapabilirsiniz. Koruma kilidi a&ccedil;\u0131lan &uuml;r&uuml;nler i&ccedil;in iade ve de\u011fi\u015fim i\u015flemi yap\u0131lmayacakt\u0131r.<\/span><\/p>\n<p style=\"text-align:justify\"><strong>Retro ENIGMA II C02 Unisex G&uuml;ne\u015f G&ouml;zl&uuml;\u011f&uuml;n&uuml;z<\/strong><span style=\"background-color:transparent;font-family:Montserrat,sans-serif;font-size:11pt\">, orijinal k\u0131l\u0131f\u0131 i&ccedil;erisinde, RETRO logolu silme bezi ile orijinal kutusunda kargolanmaktad\u0131r.<\/span><\/p>\n<div>&nbsp;<\/div>\n","protected":false},"excerpt":{"rendered":"<p>Retro ENIGMA II C02 146-150 Kad\u0131n K&ouml;\u015feli G&uuml;ne\u015f G&ouml;zl&uuml;\u011f&uuml;<\/p>\n","protected":false},"featured_media":9743,"comment_status":"closed","ping_status":"closed","template":"","meta":[],"product_cat":[20],"product_tag":[],"_links":{"self":[{"href":"https:\/\/retroeyeweartr.com\/index.php\/wp-json\/wp\/v2\/product\/9746"}],"collection":[{"href":"https:\/\/retroeyeweartr.com\/index.php\/wp-json\/wp\/v2\/product"}],"about":[{"href":"https:\/\/retroeyeweartr.com\/index.php\/wp-json\/wp\/v2\/types\/product"}],"replies":[{"embeddable":true,"href":"https:\/\/retroeyeweartr.com\/index.php\/wp-json\/wp\/v2\/comments?post=9746"}],"version-history":[{"count":1,"href":"https:\/\/retroeyeweartr.com\/index.php\/wp-json\/wp\/v2\/product\/9746\/revisions"}],"predecessor-version":[{"id":11655,"href":"https:\/\/retroeyeweartr.com\/index.php\/wp-json\/wp\/v2\/product\/9746\/revisions\/11655"}],"wp:featuredmedia":[{"embeddable":true,"href":"https:\/\/retroeyeweartr.com\/index.php\/wp-json\/wp\/v2\/media\/9743"}],"wp:attachment":[{"href":"https:\/\/retroeyeweartr.com\/index.php\/wp-json\/wp\/v2\/media?parent=9746"}],"wp:term":[{"taxonomy":"product_cat","embeddable":true,"href":"https:\/\/retroeyeweartr.com\/index.php\/wp-json\/wp\/v2\/product_cat?post=9746"},{"taxonomy":"product_tag","embeddable":true,"href":"https:\/\/retroeyeweartr.com\/index.php\/wp-json\/wp\/v2\/product_tag?post=9746"}],"curies":[{"name":"wp","href":"https:\/\/api.w.org\/{rel}","templated":true}]}}