{"id":9596,"date":"2022-08-18T08:26:14","date_gmt":"2022-08-18T08:26:14","guid":{"rendered":"https:\/\/retroeyeweartr.com\/index.php\/urun\/retro-havana-iii-c01-unisex-yuvarlak-gunes-gozlugu\/"},"modified":"2024-04-24T14:42:41","modified_gmt":"2024-04-24T14:42:41","slug":"retro-havana-iii-c01-unisex-yuvarlak-gunes-gozlugu","status":"publish","type":"product","link":"https:\/\/retroeyeweartr.com\/index.php\/urun\/retro-havana-iii-c01-unisex-yuvarlak-gunes-gozlugu\/","title":{"rendered":"RETRO HAVANA III C01  Unisex Yuvarlak G\u00fcne\u015f G\u00f6zl\u00fc\u011f\u00fc"},"content":{"rendered":"<h2 style=\"text-align:center\">&nbsp;<\/h2>\n<h2 style=\"text-align:center\"><span style=\"background-color:transparent;font-family:Montserrat,sans-serif;font-size:17pt\">RETRO HAVANA III C01 53 Unisex G&uuml;ne\u015f G&ouml;zl&uuml;\u011f&uuml;<\/span><\/h2>\n<h3 style=\"text-align:justify\"><span style=\"background-color:transparent;font-family:Montserrat,sans-serif;font-size:11pt\">Retro HAVANA III C01 g&uuml;ne\u015f g&ouml;zl&uuml;\u011f&uuml;<\/span><span style=\"background-color:transparent;color:#434343;font-family:Montserrat,sans-serif;font-size:13pt\"> <\/span><span style=\"background-color:transparent;color:#434343;font-family:Verdana;font-size:11pt\">Yaz aylar\u0131n\u0131n vazge&ccedil;ilmez modellerinden olan oval &ccedil;er&ccedil;eveler, &ccedil;ift k&ouml;pr&uuml;l&uuml; tasar\u0131m\u0131 ile hem spor hem de mask&uuml;len k\u0131yafetlerinizle kullanabilece\u011finiz derin ve anlaml\u0131 &ccedil;izgilerle dizayn edildi.<\/span><\/h3>\n<h3 style=\"text-align:justify\">&Uuml;r&uuml;n &Ouml;zellikleri<\/h3>\n<div style=\"margin-left:0pt\">\n<table style=\"border-bottom:medium none;border-left:medium none;border-right:medium none;border-top:medium none\">\n<tbody>\n<tr>\n<td style=\"vertical-align:top\">\n<p style=\"text-align:justify\"><span style=\"background-color:transparent;font-family:Montserrat,sans-serif;font-size:11pt\">Marka &ndash; Model<\/span><\/p>\n<\/td>\n<td style=\"vertical-align:top\">\n<p style=\"text-align:justify\"><span style=\"background-color:transparent;font-family:Montserrat,sans-serif;font-size:11pt\">Retro HAVANA III C01<\/span><\/p>\n<\/td>\n<\/tr>\n<tr>\n<td style=\"vertical-align:top\">\n<p style=\"text-align:justify\"><span style=\"background-color:transparent;font-family:Montserrat,sans-serif;font-size:11pt\">Ekartman<\/span><\/p>\n<\/td>\n<td style=\"vertical-align:top\">\n<p style=\"text-align:justify\"><span style=\"font-family:Montserrat,sans-serif;font-size:11pt\">*50*22*140 mm.<\/span><\/p>\n<\/td>\n<\/tr>\n<tr>\n<td style=\"vertical-align:top\">\n<p style=\"text-align:justify\"><span style=\"background-color:transparent;font-family:Montserrat,sans-serif;font-size:11pt\">&Ccedil;er&ccedil;eve rengi<\/span><\/p>\n<\/td>\n<td style=\"vertical-align:top\">\n<p style=\"text-align:justify\"><span style=\"font-family:Montserrat,sans-serif;font-size:14px\">Siyah &#8211; Alt\u0131n Rengi Metal<\/span><\/p>\n<\/td>\n<\/tr>\n<tr>\n<td style=\"vertical-align:top\">\n<p style=\"text-align:justify\"><span style=\"background-color:transparent;font-family:Montserrat,sans-serif;font-size:11pt\">&Ccedil;er&ccedil;eve Stili<\/span><\/p>\n<\/td>\n<td style=\"vertical-align:top\">\n<p style=\"text-align:justify\"><span style=\"background-color:transparent;font-family:Montserrat,sans-serif;font-size:11pt\">Oval &Ccedil;er&ccedil;eve<\/span><\/p>\n<\/td>\n<\/tr>\n<tr>\n<td style=\"vertical-align:top\">\n<p style=\"text-align:justify\"><span style=\"background-color:transparent;font-family:Montserrat,sans-serif;font-size:11pt\">Materyal<\/span><\/p>\n<\/td>\n<td style=\"vertical-align:top\">\n<p style=\"text-align:justify\"><span style=\"background-color:transparent;font-family:Montserrat,sans-serif;font-size:11pt\">Asetat &amp; Metal<\/span><\/p>\n<\/td>\n<\/tr>\n<tr>\n<td style=\"vertical-align:top\">\n<p style=\"text-align:justify\"><span style=\"background-color:transparent;font-family:Montserrat,sans-serif;font-size:11pt\">Cam &ouml;zelli\u011fi<\/span><\/p>\n<\/td>\n<td style=\"vertical-align:top\">\n<p style=\"text-align:justify\"><span style=\"background-color:transparent;font-family:Montserrat,sans-serif;font-size:11pt\">UV Korumal\u0131 Polikarbon Camlar<\/span><\/p>\n<\/td>\n<\/tr>\n<tr>\n<td style=\"vertical-align:top\">\n<p style=\"text-align:justify\"><span style=\"background-color:transparent;font-family:Montserrat,sans-serif;font-size:11pt\">Cam Rengi<\/span><\/p>\n<\/td>\n<td style=\"vertical-align:top\">\n<p style=\"text-align:justify\"><span style=\"font-family:Montserrat,sans-serif;font-size:14px\">F&uuml;me Degrade<\/span><\/p>\n<h3 style=\"color:#191919;font-style:normal;text-align:justify\"><span style=\"font-family:Montserrat,sans-serif;font-size:14px\"><span style=\"background-color:transparent;font-family:Montserrat,sans-serif;font-size:15pt\">Garanti ve iade<\/span><\/span><\/h3>\n<p style=\"text-align:justify\"><span style=\"font-family:Montserrat,sans-serif;font-size:14px\"><span style=\"background-color:transparent;font-family:Montserrat,sans-serif;font-size:11pt\">Sat\u0131n ald\u0131\u011f\u0131n\u0131z &uuml;r&uuml;n&uuml;n&uuml;z&uuml;, T&uuml;ketici Haklar\u0131 Koruma Kanunu kapsam\u0131nda &uuml;r&uuml;n &uuml;zerinde bulunan <\/span><strong>koruma kilidi a&ccedil;\u0131lmad\u0131\u011f\u0131 takdirde<\/strong><span style=\"background-color:transparent;font-family:Montserrat,sans-serif;font-size:11pt\">, <\/span><strong>15 g&uuml;n<\/strong><span style=\"background-color:transparent;font-family:Montserrat,sans-serif;font-size:11pt\"> \u015farts\u0131z ko\u015fulsuz iade ve de\u011fi\u015fim yapabilirsiniz. Koruma kilidi a&ccedil;\u0131lan &uuml;r&uuml;nler i&ccedil;in iade ve de\u011fi\u015fim i\u015flemi yap\u0131lmayacakt\u0131r.<\/span><\/span><\/p>\n<p style=\"text-align:justify\"><span style=\"font-family:Montserrat,sans-serif;font-size:14px\"><strong>Retro LIMITED IV C01 Unisex G&uuml;ne\u015f G&ouml;zl&uuml;\u011f&uuml;n&uuml;z<\/strong><span style=\"background-color:transparent;font-family:Montserrat,sans-serif;font-size:11pt\">, orijinal k\u0131l\u0131f\u0131 i&ccedil;erisinde, RETRO logolu silme bezi ile orijinal kutusunda kargolanmaktad\u0131r.<\/span><\/span><\/p>\n<p style=\"text-align:justify\">\n\t\t\t<span style=\"font-family:Montserrat,sans-serif;font-size:14px\">&nbsp;<\/span><\/p>\n<\/td>\n<\/tr>\n<\/tbody>\n<\/table>\n<\/div>\n","protected":false},"excerpt":{"rendered":"<p>RETRO HAVANA III C01 Unisex Yuvarlak G&uuml;ne\u015f G&ouml;zl&uuml;\u011f&uuml;<\/p>\n","protected":false},"featured_media":10256,"comment_status":"closed","ping_status":"closed","template":"","meta":[],"product_cat":[32,20,29],"product_tag":[],"_links":{"self":[{"href":"https:\/\/retroeyeweartr.com\/index.php\/wp-json\/wp\/v2\/product\/9596"}],"collection":[{"href":"https:\/\/retroeyeweartr.com\/index.php\/wp-json\/wp\/v2\/product"}],"about":[{"href":"https:\/\/retroeyeweartr.com\/index.php\/wp-json\/wp\/v2\/types\/product"}],"replies":[{"embeddable":true,"href":"https:\/\/retroeyeweartr.com\/index.php\/wp-json\/wp\/v2\/comments?post=9596"}],"version-history":[{"count":1,"href":"https:\/\/retroeyeweartr.com\/index.php\/wp-json\/wp\/v2\/product\/9596\/revisions"}],"predecessor-version":[{"id":10258,"href":"https:\/\/retroeyeweartr.com\/index.php\/wp-json\/wp\/v2\/product\/9596\/revisions\/10258"}],"wp:featuredmedia":[{"embeddable":true,"href":"https:\/\/retroeyeweartr.com\/index.php\/wp-json\/wp\/v2\/media\/10256"}],"wp:attachment":[{"href":"https:\/\/retroeyeweartr.com\/index.php\/wp-json\/wp\/v2\/media?parent=9596"}],"wp:term":[{"taxonomy":"product_cat","embeddable":true,"href":"https:\/\/retroeyeweartr.com\/index.php\/wp-json\/wp\/v2\/product_cat?post=9596"},{"taxonomy":"product_tag","embeddable":true,"href":"https:\/\/retroeyeweartr.com\/index.php\/wp-json\/wp\/v2\/product_tag?post=9596"}],"curies":[{"name":"wp","href":"https:\/\/api.w.org\/{rel}","templated":true}]}}