{"id":9514,"date":"2022-08-18T07:55:01","date_gmt":"2022-08-18T07:55:01","guid":{"rendered":"https:\/\/retroeyeweartr.com\/index.php\/urun\/retro-limited-i-c04-64-erkek-koseli-gunes-gozlugu\/"},"modified":"2025-04-29T13:44:41","modified_gmt":"2025-04-29T13:44:41","slug":"retro-limited-i-c04-64-erkek-koseli-gunes-gozlugu","status":"publish","type":"product","link":"https:\/\/retroeyeweartr.com\/index.php\/urun\/retro-limited-i-c04-64-erkek-koseli-gunes-gozlugu\/","title":{"rendered":"Retro Limited I C04 64  Erkek K\u00f6\u015feli G\u00fcne\u015f G\u00f6zl\u00fc\u011f\u00fc"},"content":{"rendered":"<h2 style=\"text-align:center\"><span style=\"background-color:transparent;font-family:Montserrat,sans-serif;font-size:17pt\">RETRO LIMITED I C04 64 Erkek G&uuml;ne\u015f G&ouml;zl&uuml;\u011f&uuml;<\/span><\/h2>\n<h3 style=\"text-align:justify\"><span style=\"background-color:transparent;font-family:Montserrat,sans-serif;font-size:11pt\">Retro LIMITED I C04 g&uuml;ne\u015f g&ouml;zl&uuml;\u011f&uuml;<\/span><span style=\"background-color:transparent;font-family:Montserrat,sans-serif;font-size:17px\"> <\/span><span style=\"background-color:transparent;color:#434343;font-family:Verdana;font-size:11pt\">Damla model g&uuml;ne\u015f g&ouml;zl&uuml;klerinin en karizmatik hali olan LIMITED I serisinin alt\u0131n rengi metal detaylarla bezeli &ouml;n &ccedil;er&ccedil;evesi ve kibar detaylar\u0131 ile modan\u0131n kalbinde hissedeceksiniz.<\/span><\/h3>\n<h3 style=\"text-align:justify\"><span style=\"background-color:transparent;font-family:Montserrat,sans-serif;font-size:15pt\">&Uuml;r&uuml;n &Ouml;zellikleri<\/span><\/h3>\n<div style=\"margin-left:0pt\">\n<table style=\"border-bottom:medium none;border-left:medium none;border-right:medium none;border-top:medium none\">\n<tbody>\n<tr>\n<td style=\"vertical-align:top\">\n<p style=\"text-align:justify\"><span style=\"background-color:transparent;font-family:Montserrat,sans-serif;font-size:11pt\">Marka &ndash; Model<\/span><\/p>\n<\/td>\n<td style=\"vertical-align:top\">\n<p style=\"text-align:justify\"><span style=\"background-color:transparent;font-family:Montserrat,sans-serif;font-size:11pt\">Retro LIMITED I C04&nbsp;<\/span><\/p>\n<\/td>\n<\/tr>\n<tr>\n<td style=\"vertical-align:top\">\n<p style=\"text-align:justify\"><span style=\"background-color:transparent;font-family:Montserrat,sans-serif;font-size:11pt\">Ekartman<\/span><\/p>\n<\/td>\n<td style=\"vertical-align:top\">\n<p style=\"text-align:justify\"><span style=\"font-family:Montserrat,sans-serif;font-size:11pt\">64*13*145 mm.<\/span><\/p>\n<\/td>\n<\/tr>\n<tr>\n<td style=\"vertical-align:top\">\n<p style=\"text-align:justify\"><span style=\"background-color:transparent;font-family:Montserrat,sans-serif;font-size:11pt\">&Ccedil;er&ccedil;eve rengi<\/span><\/p>\n<\/td>\n<td style=\"vertical-align:top\">\n<p style=\"text-align:justify\"><span style=\"background-color:transparent;font-family:Montserrat,sans-serif;font-size:11pt\">Alt\u0131n Rengi Metal<\/span><\/p>\n<\/td>\n<\/tr>\n<tr>\n<td style=\"vertical-align:top\">\n<p style=\"text-align:justify\"><span style=\"background-color:transparent;font-family:Montserrat,sans-serif;font-size:11pt\">&Ccedil;er&ccedil;eve Stili<\/span><\/p>\n<\/td>\n<td style=\"vertical-align:top\">\n<p style=\"text-align:justify\"><span style=\"background-color:transparent;font-family:Montserrat,sans-serif;font-size:11pt\">Damla Model &Ccedil;er&ccedil;eve<\/span><\/p>\n<\/td>\n<\/tr>\n<tr>\n<td style=\"vertical-align:top\">\n<p style=\"text-align:justify\"><span style=\"background-color:transparent;font-family:Montserrat,sans-serif;font-size:11pt\">Materyal<\/span><\/p>\n<\/td>\n<td style=\"vertical-align:top\">\n<p style=\"text-align:justify\"><span style=\"background-color:transparent;font-family:Montserrat,sans-serif;font-size:11pt\">Asetat &amp; Metal Detaylar<\/span><\/p>\n<\/td>\n<\/tr>\n<tr>\n<td style=\"vertical-align:top\">\n<p style=\"text-align:justify\"><span style=\"background-color:transparent;font-family:Montserrat,sans-serif;font-size:11pt\">Cam &ouml;zelli\u011fi<\/span><\/p>\n<\/td>\n<td style=\"vertical-align:top\">\n<p style=\"text-align:justify\"><span style=\"background-color:transparent;font-family:Montserrat,sans-serif;font-size:11pt\">UV Korumal\u0131 Polikarbon Camlar<\/span><\/p>\n<\/td>\n<\/tr>\n<tr>\n<td style=\"vertical-align:top\">\n<p style=\"text-align:justify\"><span style=\"background-color:transparent;font-family:Montserrat,sans-serif;font-size:11pt\">Cam Rengi<\/span><\/p>\n<\/td>\n<td style=\"vertical-align:top\">\n<p style=\"text-align:justify\"><span style=\"background-color:transparent;font-family:Montserrat,sans-serif;font-size:11pt\">Mavi Degrade<\/span><\/p>\n<h3 style=\"color:#191919;font-style:normal;text-align:justify\"><span style=\"background-color:transparent;font-family:Montserrat,sans-serif;font-size:11pt\"><span style=\"background-color:transparent;font-family:Montserrat,sans-serif;font-size:15pt\">Garanti ve iade<\/span><\/span><\/h3>\n<p style=\"text-align:justify\"><span style=\"background-color:transparent;font-family:Montserrat,sans-serif;font-size:11pt\"><span style=\"background-color:transparent;font-family:Montserrat,sans-serif;font-size:11pt\">Sat\u0131n ald\u0131\u011f\u0131n\u0131z &uuml;r&uuml;n&uuml;n&uuml;z&uuml;, T&uuml;ketici Haklar\u0131 Koruma Kanunu kapsam\u0131nda &uuml;r&uuml;n &uuml;zerinde bulunan <\/span><strong>koruma kilidi a&ccedil;\u0131lmad\u0131\u011f\u0131 takdirde<\/strong><span style=\"background-color:transparent;font-family:Montserrat,sans-serif;font-size:11pt\">, <\/span><strong>15 g&uuml;n<\/strong><span style=\"background-color:transparent;font-family:Montserrat,sans-serif;font-size:11pt\"> \u015farts\u0131z ko\u015fulsuz iade ve de\u011fi\u015fim yapabilirsiniz. Koruma kilidi a&ccedil;\u0131lan &uuml;r&uuml;nler i&ccedil;in iade ve de\u011fi\u015fim i\u015flemi yap\u0131lmayacakt\u0131r.<\/span><\/span><\/p>\n<p style=\"text-align:justify\"><span style=\"background-color:transparent;font-family:Montserrat,sans-serif;font-size:11pt\"><strong>Retro LIMITED IV C01 Unisex G&uuml;ne\u015f G&ouml;zl&uuml;\u011f&uuml;n&uuml;z<\/strong><span style=\"background-color:transparent;font-family:Montserrat,sans-serif;font-size:11pt\">, orijinal k\u0131l\u0131f\u0131 i&ccedil;erisinde, RETRO logolu silme bezi ile orijinal kutusunda kargolanmaktad\u0131r.<\/span><\/span><\/p>\n<p style=\"text-align:justify\">\n\t\t\t<span style=\"background-color:transparent;font-family:Montserrat,sans-serif;font-size:11pt\">&nbsp;<\/span><\/p>\n<\/td>\n<\/tr>\n<\/tbody>\n<\/table>\n<\/div>\n","protected":false},"excerpt":{"rendered":"<p>Retro Limited I C04 64 Erkek K&ouml;\u015feli G&uuml;ne\u015f G&ouml;zl&uuml;\u011f&uuml;<\/p>\n","protected":false},"featured_media":10300,"comment_status":"closed","ping_status":"closed","template":"","meta":[],"product_cat":[32],"product_tag":[],"_links":{"self":[{"href":"https:\/\/retroeyeweartr.com\/index.php\/wp-json\/wp\/v2\/product\/9514"}],"collection":[{"href":"https:\/\/retroeyeweartr.com\/index.php\/wp-json\/wp\/v2\/product"}],"about":[{"href":"https:\/\/retroeyeweartr.com\/index.php\/wp-json\/wp\/v2\/types\/product"}],"replies":[{"embeddable":true,"href":"https:\/\/retroeyeweartr.com\/index.php\/wp-json\/wp\/v2\/comments?post=9514"}],"version-history":[{"count":1,"href":"https:\/\/retroeyeweartr.com\/index.php\/wp-json\/wp\/v2\/product\/9514\/revisions"}],"predecessor-version":[{"id":10302,"href":"https:\/\/retroeyeweartr.com\/index.php\/wp-json\/wp\/v2\/product\/9514\/revisions\/10302"}],"wp:featuredmedia":[{"embeddable":true,"href":"https:\/\/retroeyeweartr.com\/index.php\/wp-json\/wp\/v2\/media\/10300"}],"wp:attachment":[{"href":"https:\/\/retroeyeweartr.com\/index.php\/wp-json\/wp\/v2\/media?parent=9514"}],"wp:term":[{"taxonomy":"product_cat","embeddable":true,"href":"https:\/\/retroeyeweartr.com\/index.php\/wp-json\/wp\/v2\/product_cat?post=9514"},{"taxonomy":"product_tag","embeddable":true,"href":"https:\/\/retroeyeweartr.com\/index.php\/wp-json\/wp\/v2\/product_tag?post=9514"}],"curies":[{"name":"wp","href":"https:\/\/api.w.org\/{rel}","templated":true}]}}