{"id":9181,"date":"2022-08-17T13:04:14","date_gmt":"2022-08-17T13:04:14","guid":{"rendered":"https:\/\/retroeyeweartr.com\/index.php\/urun\/retro-moscow-c02-unisex-koseli-gunes-gozlugu\/"},"modified":"2023-09-30T09:12:12","modified_gmt":"2023-09-30T09:12:12","slug":"retro-moscow-c02-unisex-koseli-gunes-gozlugu","status":"publish","type":"product","link":"https:\/\/retroeyeweartr.com\/index.php\/urun\/retro-moscow-c02-unisex-koseli-gunes-gozlugu\/","title":{"rendered":"RETRO MOSCOW C02 Unisex K\u00f6\u015feli G\u00fcne\u015f G\u00f6zl\u00fc\u011f\u00fc"},"content":{"rendered":"<p>RETRO MOSCOW C02 Unisex K&ouml;\u015feli G&uuml;ne\u015f G&ouml;zl&uuml;\u011f&uuml;<\/p>\n<p>Ekartman 144 mm<\/p>\n<p>Sap 140 mm<\/p>\n<h3 style=\"color:#191919;font-style:normal;text-align:justify\"><span style=\"background-color:transparent;font-family:Montserrat,sans-serif;font-size:15pt\">Garanti ve iade<\/span><\/h3>\n<p style=\"text-align:justify\"><span style=\"background-color:transparent;font-family:Montserrat,sans-serif;font-size:11pt\">Sat\u0131n ald\u0131\u011f\u0131n\u0131z &uuml;r&uuml;n&uuml;n&uuml;z&uuml;, T&uuml;ketici Haklar\u0131 Koruma Kanunu kapsam\u0131nda &uuml;r&uuml;n &uuml;zerinde bulunan <\/span><strong>koruma kilidi a&ccedil;\u0131lmad\u0131\u011f\u0131 takdirde<\/strong><span style=\"background-color:transparent;font-family:Montserrat,sans-serif;font-size:11pt\">, <\/span><strong>15 g&uuml;n<\/strong><span style=\"background-color:transparent;font-family:Montserrat,sans-serif;font-size:11pt\"> \u015farts\u0131z ko\u015fulsuz iade ve de\u011fi\u015fim yapabilirsiniz. Koruma kilidi a&ccedil;\u0131lan &uuml;r&uuml;nler i&ccedil;in iade ve de\u011fi\u015fim i\u015flemi yap\u0131lmayacakt\u0131r.<\/span><\/p>\n<p style=\"text-align:justify\"><strong>G&uuml;ne\u015f G&ouml;zl&uuml;\u011f&uuml;n&uuml;z<\/strong><span style=\"background-color:transparent;font-family:Montserrat,sans-serif;font-size:11pt\">, orijinal k\u0131l\u0131f\u0131 i&ccedil;erisinde, RETRO logolu silme bezi ile orijinal kutusunda kargolanmaktad\u0131r.<\/span><\/p>\n<p>\n&nbsp;<\/p>\n","protected":false},"excerpt":{"rendered":"<p>RETRO MOSCOW C02 Unisex K&ouml;\u015feli G&uuml;ne\u015f G&ouml;zl&uuml;\u011f&uuml;<\/p>\n","protected":false},"featured_media":9178,"comment_status":"closed","ping_status":"closed","template":"","meta":[],"product_cat":[32,20,29],"product_tag":[],"_links":{"self":[{"href":"https:\/\/retroeyeweartr.com\/index.php\/wp-json\/wp\/v2\/product\/9181"}],"collection":[{"href":"https:\/\/retroeyeweartr.com\/index.php\/wp-json\/wp\/v2\/product"}],"about":[{"href":"https:\/\/retroeyeweartr.com\/index.php\/wp-json\/wp\/v2\/types\/product"}],"replies":[{"embeddable":true,"href":"https:\/\/retroeyeweartr.com\/index.php\/wp-json\/wp\/v2\/comments?post=9181"}],"version-history":[{"count":0,"href":"https:\/\/retroeyeweartr.com\/index.php\/wp-json\/wp\/v2\/product\/9181\/revisions"}],"wp:featuredmedia":[{"embeddable":true,"href":"https:\/\/retroeyeweartr.com\/index.php\/wp-json\/wp\/v2\/media\/9178"}],"wp:attachment":[{"href":"https:\/\/retroeyeweartr.com\/index.php\/wp-json\/wp\/v2\/media?parent=9181"}],"wp:term":[{"taxonomy":"product_cat","embeddable":true,"href":"https:\/\/retroeyeweartr.com\/index.php\/wp-json\/wp\/v2\/product_cat?post=9181"},{"taxonomy":"product_tag","embeddable":true,"href":"https:\/\/retroeyeweartr.com\/index.php\/wp-json\/wp\/v2\/product_tag?post=9181"}],"curies":[{"name":"wp","href":"https:\/\/api.w.org\/{rel}","templated":true}]}}