{"id":9081,"date":"2022-08-17T12:25:45","date_gmt":"2022-08-17T12:25:45","guid":{"rendered":"https:\/\/retroeyeweartr.com\/index.php\/urun\/retro-monaco-c03-unisex-damla-gunes-gozlugu\/"},"modified":"2023-09-30T09:12:49","modified_gmt":"2023-09-30T09:12:49","slug":"retro-monaco-c03-unisex-damla-gunes-gozlugu","status":"publish","type":"product","link":"https:\/\/retroeyeweartr.com\/index.php\/urun\/retro-monaco-c03-unisex-damla-gunes-gozlugu\/","title":{"rendered":"RETRO MONACO C03 Unisex Damla G\u00fcne\u015f G\u00f6zl\u00fc\u011f\u00fc"},"content":{"rendered":"<p>RETRO MONACO C03 Unisex Damla G&uuml;ne\u015f G&ouml;zl&uuml;\u011f<\/p>\n<p>Ekartman : 54 mm<\/p>\n<p>Sap : 145 mm<\/p>\n<p>K&ouml;pr&uuml; : 22 mm<\/p>\n<p>&nbsp;<\/p>\n<p>Garanti ve iade<br \/>\nSat\u0131n ald\u0131\u011f\u0131n\u0131z &uuml;r&uuml;n&uuml;n&uuml;z&uuml;, T&uuml;ketici Haklar\u0131 Koruma Kanunu kapsam\u0131nda &uuml;r&uuml;n &uuml;zerinde bulunan koruma kilidi a&ccedil;\u0131lmad\u0131\u011f\u0131 takdirde, 15 g&uuml;n \u015farts\u0131z ko\u015fulsuz iade ve de\u011fi\u015fim yapabilirsiniz. Koruma kilidi a&ccedil;\u0131lan &uuml;r&uuml;nler i&ccedil;in iade ve de\u011fi\u015fim i\u015flemi yap\u0131lmayacakt\u0131r.<\/p>\n<p>G&uuml;ne\u015f G&ouml;zl&uuml;\u011f&uuml;n&uuml;z, orijinal k\u0131l\u0131f\u0131 i&ccedil;erisinde,&nbsp; logolu silme bezi ile orijinal kutusunda kargolanmaktad\u0131r.<\/p>\n<p>\n&nbsp;<\/p>\n","protected":false},"excerpt":{"rendered":"<p>RETRO MONACO C03 Unisex Damla G&uuml;ne\u015f G&ouml;zl&uuml;\u011f&uuml;<\/p>\n","protected":false},"featured_media":9078,"comment_status":"closed","ping_status":"closed","template":"","meta":[],"product_cat":[32,20,29],"product_tag":[],"_links":{"self":[{"href":"https:\/\/retroeyeweartr.com\/index.php\/wp-json\/wp\/v2\/product\/9081"}],"collection":[{"href":"https:\/\/retroeyeweartr.com\/index.php\/wp-json\/wp\/v2\/product"}],"about":[{"href":"https:\/\/retroeyeweartr.com\/index.php\/wp-json\/wp\/v2\/types\/product"}],"replies":[{"embeddable":true,"href":"https:\/\/retroeyeweartr.com\/index.php\/wp-json\/wp\/v2\/comments?post=9081"}],"version-history":[{"count":0,"href":"https:\/\/retroeyeweartr.com\/index.php\/wp-json\/wp\/v2\/product\/9081\/revisions"}],"wp:featuredmedia":[{"embeddable":true,"href":"https:\/\/retroeyeweartr.com\/index.php\/wp-json\/wp\/v2\/media\/9078"}],"wp:attachment":[{"href":"https:\/\/retroeyeweartr.com\/index.php\/wp-json\/wp\/v2\/media?parent=9081"}],"wp:term":[{"taxonomy":"product_cat","embeddable":true,"href":"https:\/\/retroeyeweartr.com\/index.php\/wp-json\/wp\/v2\/product_cat?post=9081"},{"taxonomy":"product_tag","embeddable":true,"href":"https:\/\/retroeyeweartr.com\/index.php\/wp-json\/wp\/v2\/product_tag?post=9081"}],"curies":[{"name":"wp","href":"https:\/\/api.w.org\/{rel}","templated":true}]}}