{"id":8611,"date":"2022-08-15T07:20:05","date_gmt":"2022-08-15T07:20:05","guid":{"rendered":"https:\/\/retroeyeweartr.com\/?post_type=product&#038;p=8611"},"modified":"2024-04-24T14:55:58","modified_gmt":"2024-04-24T14:55:58","slug":"retro-devil-c02-unisex-koseli-gunes-gozlugu","status":"publish","type":"product","link":"https:\/\/retroeyeweartr.com\/index.php\/urun\/retro-devil-c02-unisex-koseli-gunes-gozlugu\/","title":{"rendered":"RETRO DEV\u0130L C02 Unisex K\u00f6\u015feli G\u00fcne\u015f G\u00f6zl\u00fc\u011f\u00fc"},"content":{"rendered":"<h3 dir=\"ltr\" style=\"box-sizing: border-box; margin-bottom: 0pt; font-family: Roboto, sans-serif; white-space: normal; word-spacing: 0px; margin-top: 0pt; text-transform: none; font-weight: 500; color: #191919; outline-width: medium !important; font-style: normal; text-align: justify; outline-style: none !important; orphans: 2; widows: 2; letter-spacing: normal; outline-color: invert !important; line-height: 1.656; background-color: #ffffff; text-indent: 0px; font-variant-ligatures: normal; font-variant-caps: normal; -webkit-text-stroke-width: 0px; text-decoration-thickness: initial; text-decoration-style: initial; text-decoration-color: initial; padding: 0pt 0pt 9pt 0pt;\"><span style=\"box-sizing: border-box; font-size: 15pt; font-family: Montserrat, sans-serif; vertical-align: baseline; white-space: pre-wrap; outline-width: medium !important; outline-style: none !important; outline-color: invert !important; background-color: transparent; font-variant-numeric: normal; font-variant-east-asian: normal;\">Garanti ve iade<\/span><\/h3>\n<p dir=\"ltr\" style=\"box-sizing: border-box; font-size: 16px; margin-bottom: 0pt; font-family: Roboto, sans-serif; white-space: normal; word-spacing: 0px; margin-top: 0pt; text-transform: none; font-weight: 400; color: #191919; outline-width: medium !important; font-style: normal; text-align: justify; outline-style: none !important; orphans: 2; widows: 2; letter-spacing: normal; outline-color: invert !important; line-height: 1.656; background-color: #ffffff; text-indent: 0px; font-variant-ligatures: normal; font-variant-caps: normal; -webkit-text-stroke-width: 0px; text-decoration-thickness: initial; text-decoration-style: initial; text-decoration-color: initial; padding: 0pt 0pt 9pt 0pt;\"><span style=\"box-sizing: border-box; font-size: 11pt; font-family: Montserrat, sans-serif; vertical-align: baseline; white-space: pre-wrap; outline-width: medium !important; outline-style: none !important; outline-color: invert !important; background-color: transparent; font-variant-numeric: normal; font-variant-east-asian: normal;\">Sat\u0131n ald\u0131\u011f\u0131n\u0131z \u00fcr\u00fcn\u00fcn\u00fcz\u00fc, T\u00fcketici Haklar\u0131 Koruma Kanunu kapsam\u0131nda \u00fcr\u00fcn \u00fczerinde bulunan <\/span><span style=\"box-sizing: border-box; font-size: 11pt; font-family: Montserrat, sans-serif; vertical-align: baseline; white-space: pre-wrap; font-weight: bold; outline-width: medium !important; outline-style: none !important; outline-color: invert !important; background-color: transparent; font-variant-numeric: normal; font-variant-east-asian: normal;\">koruma kilidi a\u00e7\u0131lmad\u0131\u011f\u0131 takdirde<\/span><span style=\"box-sizing: border-box; font-size: 11pt; font-family: Montserrat, sans-serif; vertical-align: baseline; white-space: pre-wrap; outline-width: medium !important; outline-style: none !important; outline-color: invert !important; background-color: transparent; font-variant-numeric: normal; font-variant-east-asian: normal;\">, <\/span><span style=\"box-sizing: border-box; font-size: 11pt; font-family: Montserrat, sans-serif; vertical-align: baseline; white-space: pre-wrap; font-weight: bold; outline-width: medium !important; outline-style: none !important; outline-color: invert !important; background-color: transparent; font-variant-numeric: normal; font-variant-east-asian: normal;\">15 g\u00fcn<\/span><span style=\"box-sizing: border-box; font-size: 11pt; font-family: Montserrat, sans-serif; vertical-align: baseline; white-space: pre-wrap; outline-width: medium !important; outline-style: none !important; outline-color: invert !important; background-color: transparent; font-variant-numeric: normal; font-variant-east-asian: normal;\"> \u015farts\u0131z ko\u015fulsuz iade ve de\u011fi\u015fim yapabilirsiniz. Koruma kilidi a\u00e7\u0131lan \u00fcr\u00fcnler i\u00e7in iade ve de\u011fi\u015fim i\u015flemi yap\u0131lmayacakt\u0131r.<\/span><\/p>\n<p dir=\"ltr\" style=\"box-sizing: border-box; font-size: 16px; margin-bottom: 9pt; font-family: Roboto, sans-serif; white-space: normal; word-spacing: 0px; margin-top: 0pt; text-transform: none; font-weight: 400; color: #191919; outline-width: medium !important; font-style: normal; text-align: justify; outline-style: none !important; orphans: 2; widows: 2; letter-spacing: normal; outline-color: invert !important; line-height: 1.656; background-color: #ffffff; text-indent: 0px; font-variant-ligatures: normal; font-variant-caps: normal; -webkit-text-stroke-width: 0px; text-decoration-thickness: initial; text-decoration-style: initial; text-decoration-color: initial;\"><span style=\"box-sizing: border-box; font-size: 11pt; font-family: Montserrat, sans-serif; vertical-align: baseline; white-space: pre-wrap; font-weight: bold; outline-width: medium !important; outline-style: none !important; outline-color: invert !important; background-color: transparent; font-variant-numeric: normal; font-variant-east-asian: normal;\">G\u00fcne\u015f G\u00f6zl\u00fc\u011f\u00fcn\u00fcz<\/span><span style=\"box-sizing: border-box; font-size: 11pt; font-family: Montserrat, sans-serif; vertical-align: baseline; white-space: pre-wrap; outline-width: medium !important; outline-style: none !important; outline-color: invert !important; background-color: transparent; font-variant-numeric: normal; font-variant-east-asian: normal;\">, orijinal k\u0131l\u0131f\u0131 i\u00e7erisinde, RETRO logolu silme bezi ile orijinal kutusunda kargolanmaktad\u0131r.<\/span><\/p>\n<p>&nbsp;<\/p>\n","protected":false},"excerpt":{"rendered":"<h3 dir=\"ltr\"><\/h3>\n<p>RETRO DEV\u0130L C02 Unisex K\u00f6\u015feli G\u00fcne\u015f G\u00f6zl\u00fc\u011f\u00fc<\/p>\n<p>Ekartman: 58mm<\/p>\n<p>Sap: 135mm<\/p>\n<p>K\u00f6pr\u00fc: 16mm<\/p>\n<p>&nbsp;<\/p>\n<p>&nbsp;<\/p>\n","protected":false},"featured_media":8612,"comment_status":"open","ping_status":"closed","template":"","meta":[],"product_cat":[29],"product_tag":[],"_links":{"self":[{"href":"https:\/\/retroeyeweartr.com\/index.php\/wp-json\/wp\/v2\/product\/8611"}],"collection":[{"href":"https:\/\/retroeyeweartr.com\/index.php\/wp-json\/wp\/v2\/product"}],"about":[{"href":"https:\/\/retroeyeweartr.com\/index.php\/wp-json\/wp\/v2\/types\/product"}],"replies":[{"embeddable":true,"href":"https:\/\/retroeyeweartr.com\/index.php\/wp-json\/wp\/v2\/comments?post=8611"}],"version-history":[{"count":3,"href":"https:\/\/retroeyeweartr.com\/index.php\/wp-json\/wp\/v2\/product\/8611\/revisions"}],"predecessor-version":[{"id":8626,"href":"https:\/\/retroeyeweartr.com\/index.php\/wp-json\/wp\/v2\/product\/8611\/revisions\/8626"}],"wp:featuredmedia":[{"embeddable":true,"href":"https:\/\/retroeyeweartr.com\/index.php\/wp-json\/wp\/v2\/media\/8612"}],"wp:attachment":[{"href":"https:\/\/retroeyeweartr.com\/index.php\/wp-json\/wp\/v2\/media?parent=8611"}],"wp:term":[{"taxonomy":"product_cat","embeddable":true,"href":"https:\/\/retroeyeweartr.com\/index.php\/wp-json\/wp\/v2\/product_cat?post=8611"},{"taxonomy":"product_tag","embeddable":true,"href":"https:\/\/retroeyeweartr.com\/index.php\/wp-json\/wp\/v2\/product_tag?post=8611"}],"curies":[{"name":"wp","href":"https:\/\/api.w.org\/{rel}","templated":true}]}}