{"id":12160,"date":"2026-04-09T08:43:13","date_gmt":"2026-04-09T08:43:13","guid":{"rendered":"https:\/\/retroeyeweartr.com\/?post_type=product&#038;p=12160"},"modified":"2026-04-09T08:53:24","modified_gmt":"2026-04-09T08:53:24","slug":"retro-rs-2610-c04-60-erkek-gunes-gozlugu","status":"publish","type":"product","link":"https:\/\/retroeyeweartr.com\/index.php\/urun\/retro-rs-2610-c04-60-erkek-gunes-gozlugu\/","title":{"rendered":"RETRO RS 2610 C04 60 Erkek G\u00fcne\u015f G\u00f6zl\u00fc\u011f\u00fc"},"content":{"rendered":"<div class=\"row border-bottom\">\n<div class=\"p-1 fw-bold text-primary text-underline\">\u00dcr\u00fcn A\u00e7\u0131klamas\u0131<\/div>\n<\/div>\n<div class=\"row border-bottom fw-semibold\">\n<div class=\"col-6 py-1 border-right\">Ekartman<\/div>\n<div class=\"col-6 py-1\">60<\/div>\n<\/div>\n<div class=\"row border-bottom fw-semibold\">\n<div class=\"col-6 py-1 border-right\">K\u00f6pr\u00fc<\/div>\n<div class=\"col-6 py-1\">14<\/div>\n<\/div>\n<div class=\"row border-bottom fw-semibold\">\n<div class=\"col-6 py-1 border-right\">Sap<\/div>\n<div class=\"col-6 py-1\">145<\/div>\n<\/div>\n<div class=\"row border-bottom fw-semibold\">\n<div class=\"col-6 py-1 border-right\">Cam Rengi<\/div>\n<div class=\"col-6 py-1\">F\u00fcme Degrade<\/div>\n<\/div>\n<div class=\"row border-bottom fw-semibold\">\n<div class=\"col-6 py-1 border-right\">\u00c7er\u00e7eve Rengi<\/div>\n<div class=\"col-6 py-1\">Siyah<\/div>\n<\/div>\n<div class=\"row border-bottom fw-semibold\">\n<div class=\"col-6 py-1 border-right\">Materyal<\/div>\n<div class=\"col-6 py-1\">Metal<\/div>\n<\/div>\n<div class=\"row border-bottom fw-semibold\"><\/div>\n<div class=\"row border-bottom fw-semibold\">\n<div class=\"col-6 py-1\"><\/div>\n<\/div>\n","protected":false},"excerpt":{"rendered":"<p>\u00dcr\u00fcn A\u00e7\u0131klamas\u0131 Ekartman 60 K\u00f6pr\u00fc 14 Sap 145 Cam Rengi F\u00fcme Degrade \u00c7er\u00e7eve Rengi Siyah Materyal Metal<\/p>\n","protected":false},"featured_media":12149,"comment_status":"open","ping_status":"closed","template":"","meta":[],"product_cat":[29],"product_tag":[],"_links":{"self":[{"href":"https:\/\/retroeyeweartr.com\/index.php\/wp-json\/wp\/v2\/product\/12160"}],"collection":[{"href":"https:\/\/retroeyeweartr.com\/index.php\/wp-json\/wp\/v2\/product"}],"about":[{"href":"https:\/\/retroeyeweartr.com\/index.php\/wp-json\/wp\/v2\/types\/product"}],"replies":[{"embeddable":true,"href":"https:\/\/retroeyeweartr.com\/index.php\/wp-json\/wp\/v2\/comments?post=12160"}],"version-history":[{"count":1,"href":"https:\/\/retroeyeweartr.com\/index.php\/wp-json\/wp\/v2\/product\/12160\/revisions"}],"predecessor-version":[{"id":12161,"href":"https:\/\/retroeyeweartr.com\/index.php\/wp-json\/wp\/v2\/product\/12160\/revisions\/12161"}],"wp:featuredmedia":[{"embeddable":true,"href":"https:\/\/retroeyeweartr.com\/index.php\/wp-json\/wp\/v2\/media\/12149"}],"wp:attachment":[{"href":"https:\/\/retroeyeweartr.com\/index.php\/wp-json\/wp\/v2\/media?parent=12160"}],"wp:term":[{"taxonomy":"product_cat","embeddable":true,"href":"https:\/\/retroeyeweartr.com\/index.php\/wp-json\/wp\/v2\/product_cat?post=12160"},{"taxonomy":"product_tag","embeddable":true,"href":"https:\/\/retroeyeweartr.com\/index.php\/wp-json\/wp\/v2\/product_tag?post=12160"}],"curies":[{"name":"wp","href":"https:\/\/api.w.org\/{rel}","templated":true}]}}