{"id":12155,"date":"2026-04-07T14:32:41","date_gmt":"2026-04-07T14:32:41","guid":{"rendered":"https:\/\/retroeyeweartr.com\/?post_type=product&#038;p=12155"},"modified":"2026-04-08T11:49:35","modified_gmt":"2026-04-08T11:49:35","slug":"retro-rs-2610-c03-60-erkek-gunes-gozlugu","status":"publish","type":"product","link":"https:\/\/retroeyeweartr.com\/index.php\/urun\/retro-rs-2610-c03-60-erkek-gunes-gozlugu\/","title":{"rendered":"RETRO RS 2610 C03 60 Erkek G\u00fcne\u015f G\u00f6zl\u00fc\u011f\u00fc"},"content":{"rendered":"<p>\u00dcr\u00fcn A\u00e7\u0131klamas\u0131<br \/>\nEkartman<br \/>\n60<br \/>\nK\u00f6pr\u00fc<br \/>\n14<br \/>\nSap<br \/>\n145<br \/>\nCam Rengi<br \/>\nLacivert<br \/>\n\u00c7er\u00e7eve Rengi<br \/>\nAlt\u0131n<br \/>\nMateryal<br \/>\nMetal<\/p>\n","protected":false},"excerpt":{"rendered":"<p>\u00dcr\u00fcn A\u00e7\u0131klamas\u0131 Ekartman 60 K\u00f6pr\u00fc 14 Sap 145 Cam Rengi Lacivert \u00c7er\u00e7eve Rengi Alt\u0131n Materyal Metal<\/p>\n","protected":false},"featured_media":12146,"comment_status":"open","ping_status":"closed","template":"","meta":[],"product_cat":[29],"product_tag":[],"_links":{"self":[{"href":"https:\/\/retroeyeweartr.com\/index.php\/wp-json\/wp\/v2\/product\/12155"}],"collection":[{"href":"https:\/\/retroeyeweartr.com\/index.php\/wp-json\/wp\/v2\/product"}],"about":[{"href":"https:\/\/retroeyeweartr.com\/index.php\/wp-json\/wp\/v2\/types\/product"}],"replies":[{"embeddable":true,"href":"https:\/\/retroeyeweartr.com\/index.php\/wp-json\/wp\/v2\/comments?post=12155"}],"version-history":[{"count":3,"href":"https:\/\/retroeyeweartr.com\/index.php\/wp-json\/wp\/v2\/product\/12155\/revisions"}],"predecessor-version":[{"id":12158,"href":"https:\/\/retroeyeweartr.com\/index.php\/wp-json\/wp\/v2\/product\/12155\/revisions\/12158"}],"wp:featuredmedia":[{"embeddable":true,"href":"https:\/\/retroeyeweartr.com\/index.php\/wp-json\/wp\/v2\/media\/12146"}],"wp:attachment":[{"href":"https:\/\/retroeyeweartr.com\/index.php\/wp-json\/wp\/v2\/media?parent=12155"}],"wp:term":[{"taxonomy":"product_cat","embeddable":true,"href":"https:\/\/retroeyeweartr.com\/index.php\/wp-json\/wp\/v2\/product_cat?post=12155"},{"taxonomy":"product_tag","embeddable":true,"href":"https:\/\/retroeyeweartr.com\/index.php\/wp-json\/wp\/v2\/product_tag?post=12155"}],"curies":[{"name":"wp","href":"https:\/\/api.w.org\/{rel}","templated":true}]}}