{"id":11519,"date":"2024-03-14T12:49:58","date_gmt":"2024-03-14T12:49:58","guid":{"rendered":"https:\/\/retroeyeweartr.com\/?post_type=product&#038;p=11519"},"modified":"2025-10-16T14:19:32","modified_gmt":"2025-10-16T14:19:32","slug":"retro-angel-vi-c01-kadin-gunes-gozlugu","status":"publish","type":"product","link":"https:\/\/retroeyeweartr.com\/index.php\/urun\/retro-angel-vi-c01-kadin-gunes-gozlugu\/","title":{"rendered":"RETRO ANGEL VI C01 Kad\u0131n G\u00fcne\u015f G\u00f6zl\u00fc\u011f\u00fc"},"content":{"rendered":"<p><strong>RETRO ANGEL VI C01 Kad\u0131n G\u00fcne\u015f G\u00f6zl\u00fc\u011f\u00fc <\/strong><\/p>\n<p style=\"font-weight: 400;\"><b><strong>\u00dcr\u00fcn \u00d6zellikleri<\/strong><\/b><\/p>\n<table style=\"font-weight: 400;\">\n<tbody>\n<tr>\n<td>Ekartman<\/td>\n<td>56*17*145 mm.<\/td>\n<\/tr>\n<tr>\n<td>\u00c7er\u00e7eve rengi<\/td>\n<td>Siyah Gold Detayl\u0131<\/td>\n<\/tr>\n<tr>\n<td>Materyal<\/td>\n<td>Kemik<\/td>\n<\/tr>\n<tr>\n<td>Cam \u00f6zelli\u011fi<\/td>\n<td>UV Korumal\u0131<\/td>\n<\/tr>\n<tr>\n<td>Cam Rengi<\/td>\n<td>F\u00fcme<\/td>\n<\/tr>\n<\/tbody>\n<\/table>\n","protected":false},"excerpt":{"rendered":"<p>RETRO ANGEL VI C01 Kad\u0131n G\u00fcne\u015f G\u00f6zl\u00fc\u011f\u00fc \u00dcr\u00fcn \u00d6zellikleri Ekartman 56*17*145 mm. \u00c7er\u00e7eve rengi Siyah Gold Detayl\u0131 Materyal Kemik Cam<\/p>\n","protected":false},"featured_media":11520,"comment_status":"open","ping_status":"closed","template":"","meta":[],"product_cat":[20],"product_tag":[],"_links":{"self":[{"href":"https:\/\/retroeyeweartr.com\/index.php\/wp-json\/wp\/v2\/product\/11519"}],"collection":[{"href":"https:\/\/retroeyeweartr.com\/index.php\/wp-json\/wp\/v2\/product"}],"about":[{"href":"https:\/\/retroeyeweartr.com\/index.php\/wp-json\/wp\/v2\/types\/product"}],"replies":[{"embeddable":true,"href":"https:\/\/retroeyeweartr.com\/index.php\/wp-json\/wp\/v2\/comments?post=11519"}],"version-history":[{"count":1,"href":"https:\/\/retroeyeweartr.com\/index.php\/wp-json\/wp\/v2\/product\/11519\/revisions"}],"predecessor-version":[{"id":11521,"href":"https:\/\/retroeyeweartr.com\/index.php\/wp-json\/wp\/v2\/product\/11519\/revisions\/11521"}],"wp:featuredmedia":[{"embeddable":true,"href":"https:\/\/retroeyeweartr.com\/index.php\/wp-json\/wp\/v2\/media\/11520"}],"wp:attachment":[{"href":"https:\/\/retroeyeweartr.com\/index.php\/wp-json\/wp\/v2\/media?parent=11519"}],"wp:term":[{"taxonomy":"product_cat","embeddable":true,"href":"https:\/\/retroeyeweartr.com\/index.php\/wp-json\/wp\/v2\/product_cat?post=11519"},{"taxonomy":"product_tag","embeddable":true,"href":"https:\/\/retroeyeweartr.com\/index.php\/wp-json\/wp\/v2\/product_tag?post=11519"}],"curies":[{"name":"wp","href":"https:\/\/api.w.org\/{rel}","templated":true}]}}