{"id":11515,"date":"2024-03-14T12:46:08","date_gmt":"2024-03-14T12:46:08","guid":{"rendered":"https:\/\/retroeyeweartr.com\/?post_type=product&#038;p=11515"},"modified":"2025-10-16T14:17:43","modified_gmt":"2025-10-16T14:17:43","slug":"retro-angel-vi-c04-kadin-gunes-gozlugu","status":"publish","type":"product","link":"https:\/\/retroeyeweartr.com\/index.php\/urun\/retro-angel-vi-c04-kadin-gunes-gozlugu\/","title":{"rendered":"RETRO ANGEL VI C04 Kad\u0131n G\u00fcne\u015f G\u00f6zl\u00fc\u011f\u00fc"},"content":{"rendered":"<p><strong>RETRO ANGEL VI C04 Kad\u0131n G\u00fcne\u015f G\u00f6zl\u00fc\u011f\u00fc<\/strong><\/p>\n<p><strong>\u00a0<\/strong><\/p>\n<p><strong>\u00dcr\u00fcn \u00d6zellikleri<\/strong><\/p>\n<table>\n<tbody>\n<tr>\n<td>Ekartman<\/td>\n<td>56*17*145 mm.<\/td>\n<\/tr>\n<tr>\n<td>\u00c7er\u00e7eve rengi<\/td>\n<td>Siyah Gold Detayl\u0131<\/td>\n<\/tr>\n<tr>\n<td>Materyal<\/td>\n<td>Kemik<\/td>\n<\/tr>\n<tr>\n<td>Cam \u00f6zelli\u011fi<\/td>\n<td>UV Korumal\u0131<\/td>\n<\/tr>\n<tr>\n<td>Cam Rengi<\/td>\n<td>F\u00fcme Degrade<\/td>\n<\/tr>\n<\/tbody>\n<\/table>\n<p>&nbsp;<\/p>\n<p><strong>Retro Angel VI C04 G\u00fcne\u015f G\u00f6zl\u00fc\u011f\u00fcn\u00fcz<\/strong>, orijinal k\u0131l\u0131f\u0131 i\u00e7erisinde, RETRO logolu silme bezi ile orijinal kutusunda kargolanmaktad\u0131r.<\/p>\n<p>&nbsp;<\/p>\n","protected":false},"excerpt":{"rendered":"<p>RETRO ANGEL VI C04 Kad\u0131n G\u00fcne\u015f G\u00f6zl\u00fc\u011f\u00fc \u00a0 \u00dcr\u00fcn \u00d6zellikleri Ekartman 56*17*145 mm. \u00c7er\u00e7eve rengi Siyah Gold Detayl\u0131 Materyal Kemik<\/p>\n","protected":false},"featured_media":11516,"comment_status":"open","ping_status":"closed","template":"","meta":[],"product_cat":[20],"product_tag":[],"_links":{"self":[{"href":"https:\/\/retroeyeweartr.com\/index.php\/wp-json\/wp\/v2\/product\/11515"}],"collection":[{"href":"https:\/\/retroeyeweartr.com\/index.php\/wp-json\/wp\/v2\/product"}],"about":[{"href":"https:\/\/retroeyeweartr.com\/index.php\/wp-json\/wp\/v2\/types\/product"}],"replies":[{"embeddable":true,"href":"https:\/\/retroeyeweartr.com\/index.php\/wp-json\/wp\/v2\/comments?post=11515"}],"version-history":[{"count":1,"href":"https:\/\/retroeyeweartr.com\/index.php\/wp-json\/wp\/v2\/product\/11515\/revisions"}],"predecessor-version":[{"id":11517,"href":"https:\/\/retroeyeweartr.com\/index.php\/wp-json\/wp\/v2\/product\/11515\/revisions\/11517"}],"wp:featuredmedia":[{"embeddable":true,"href":"https:\/\/retroeyeweartr.com\/index.php\/wp-json\/wp\/v2\/media\/11516"}],"wp:attachment":[{"href":"https:\/\/retroeyeweartr.com\/index.php\/wp-json\/wp\/v2\/media?parent=11515"}],"wp:term":[{"taxonomy":"product_cat","embeddable":true,"href":"https:\/\/retroeyeweartr.com\/index.php\/wp-json\/wp\/v2\/product_cat?post=11515"},{"taxonomy":"product_tag","embeddable":true,"href":"https:\/\/retroeyeweartr.com\/index.php\/wp-json\/wp\/v2\/product_tag?post=11515"}],"curies":[{"name":"wp","href":"https:\/\/api.w.org\/{rel}","templated":true}]}}