{"id":11479,"date":"2024-03-14T11:42:48","date_gmt":"2024-03-14T11:42:48","guid":{"rendered":"https:\/\/retroeyeweartr.com\/?post_type=product&#038;p=11479"},"modified":"2025-07-10T12:31:59","modified_gmt":"2025-07-10T12:31:59","slug":"retro-dakar-iii-c01-unisex-gunes-gozlugu","status":"publish","type":"product","link":"https:\/\/retroeyeweartr.com\/index.php\/urun\/retro-dakar-iii-c01-unisex-gunes-gozlugu\/","title":{"rendered":"RETRO DAKAR III C01 Unisex G\u00fcne\u015f G\u00f6zl\u00fc\u011f\u00fc"},"content":{"rendered":"<p><strong>RETRO DAKAR III C01 Unisex G\u00fcne\u015f G\u00f6zl\u00fc\u011f\u00fc <\/strong><\/p>\n<p><strong>\u00a0<\/strong><\/p>\n<p><strong>\u00dcr\u00fcn \u00d6zellikleri<\/strong><\/p>\n<table>\n<tbody>\n<tr>\n<td>Ekartman<\/td>\n<td>51*22*140 mm.<\/td>\n<\/tr>\n<tr>\n<td>\u00c7er\u00e7eve rengi<\/td>\n<td>Kahverengi Gold Detayl\u0131<\/td>\n<\/tr>\n<tr>\n<td>Materyal<\/td>\n<td>Metal<\/td>\n<\/tr>\n<tr>\n<td>Cam \u00f6zelli\u011fi<\/td>\n<td>UV Korumal\u0131<\/td>\n<\/tr>\n<tr>\n<td>Cam Rengi<\/td>\n<td>F\u00fcme<\/td>\n<\/tr>\n<\/tbody>\n<\/table>\n<p>&nbsp;<\/p>\n<p>RETRO DAKAR III C01 Unisex G\u00fcne\u015f G\u00f6zl\u00fc\u011f\u00fcn\u00fcz , orijinal k\u0131l\u0131f\u0131 i\u00e7erisinde, RETRO logolu silme bezi ile orijinal kutusunda kargolanmaktad\u0131r.<\/p>\n<p>&nbsp;<\/p>\n<p>&nbsp;<\/p>\n","protected":false},"excerpt":{"rendered":"<p>RETRO DAKAR III C01 Unisex G\u00fcne\u015f G\u00f6zl\u00fc\u011f\u00fc \u00a0 \u00dcr\u00fcn \u00d6zellikleri Ekartman 51*22*140 mm. \u00c7er\u00e7eve rengi Kahverengi Gold Detayl\u0131 Materyal Metal<\/p>\n","protected":false},"featured_media":11480,"comment_status":"open","ping_status":"closed","template":"","meta":[],"product_cat":[32,20,29],"product_tag":[],"_links":{"self":[{"href":"https:\/\/retroeyeweartr.com\/index.php\/wp-json\/wp\/v2\/product\/11479"}],"collection":[{"href":"https:\/\/retroeyeweartr.com\/index.php\/wp-json\/wp\/v2\/product"}],"about":[{"href":"https:\/\/retroeyeweartr.com\/index.php\/wp-json\/wp\/v2\/types\/product"}],"replies":[{"embeddable":true,"href":"https:\/\/retroeyeweartr.com\/index.php\/wp-json\/wp\/v2\/comments?post=11479"}],"version-history":[{"count":1,"href":"https:\/\/retroeyeweartr.com\/index.php\/wp-json\/wp\/v2\/product\/11479\/revisions"}],"predecessor-version":[{"id":11481,"href":"https:\/\/retroeyeweartr.com\/index.php\/wp-json\/wp\/v2\/product\/11479\/revisions\/11481"}],"wp:featuredmedia":[{"embeddable":true,"href":"https:\/\/retroeyeweartr.com\/index.php\/wp-json\/wp\/v2\/media\/11480"}],"wp:attachment":[{"href":"https:\/\/retroeyeweartr.com\/index.php\/wp-json\/wp\/v2\/media?parent=11479"}],"wp:term":[{"taxonomy":"product_cat","embeddable":true,"href":"https:\/\/retroeyeweartr.com\/index.php\/wp-json\/wp\/v2\/product_cat?post=11479"},{"taxonomy":"product_tag","embeddable":true,"href":"https:\/\/retroeyeweartr.com\/index.php\/wp-json\/wp\/v2\/product_tag?post=11479"}],"curies":[{"name":"wp","href":"https:\/\/api.w.org\/{rel}","templated":true}]}}