{"id":11473,"date":"2024-03-14T11:36:29","date_gmt":"2024-03-14T11:36:29","guid":{"rendered":"https:\/\/retroeyeweartr.com\/?post_type=product&#038;p=11473"},"modified":"2025-07-10T12:36:58","modified_gmt":"2025-07-10T12:36:58","slug":"retro-dazzle-iii-n-c01-unisex-gunes-gozlugu","status":"publish","type":"product","link":"https:\/\/retroeyeweartr.com\/index.php\/urun\/retro-dazzle-iii-n-c01-unisex-gunes-gozlugu\/","title":{"rendered":"RETRO DAZZLE III-N C01  Unisex G\u00fcne\u015f G\u00f6zl\u00fc\u011f\u00fc"},"content":{"rendered":"<p><strong>RETRO DAZZLE III-N C01 Unisex G\u00fcne\u015f G\u00f6zl\u00fc\u011f\u00fc<\/strong><\/p>\n<p><strong>\u00a0<\/strong><\/p>\n<p><strong>\u00dcr\u00fcn \u00d6zellikleri<\/strong><\/p>\n<table>\n<tbody>\n<tr>\n<td>Ekartman<\/td>\n<td>48*24*140 mm.<\/td>\n<\/tr>\n<tr>\n<td>\u00c7er\u00e7eve rengi<\/td>\n<td>Kahverengi Degrade Gold Detayl\u0131<\/td>\n<\/tr>\n<tr>\n<td>Materyal<\/td>\n<td>Metal<\/td>\n<\/tr>\n<tr>\n<td>Cam \u00f6zelli\u011fi<\/td>\n<td>UV Korumal\u0131<\/td>\n<\/tr>\n<tr>\n<td>Cam Rengi<\/td>\n<td>F\u00fcme<\/td>\n<\/tr>\n<\/tbody>\n<\/table>\n<p>&nbsp;<\/p>\n<p>RETRO DAZZLE III-N C01 Unisex G\u00fcne\u015f G\u00f6zl\u00fc\u011f\u00fcn\u00fcz, orijinal k\u0131l\u0131f\u0131 i\u00e7erisinde, RETRO logolu silme bezi ile orijinal kutusunda kargolanmaktad\u0131r.<\/p>\n<p>&nbsp;<\/p>\n<p>&nbsp;<\/p>\n","protected":false},"excerpt":{"rendered":"<p>RETRO DAZZLE III-N C01 Unisex G\u00fcne\u015f G\u00f6zl\u00fc\u011f\u00fc \u00a0 \u00dcr\u00fcn \u00d6zellikleri Ekartman 48*24*140 mm. \u00c7er\u00e7eve rengi Kahverengi Degrade Gold Detayl\u0131 Materyal<\/p>\n","protected":false},"featured_media":11474,"comment_status":"open","ping_status":"closed","template":"","meta":[],"product_cat":[32,20,29],"product_tag":[],"_links":{"self":[{"href":"https:\/\/retroeyeweartr.com\/index.php\/wp-json\/wp\/v2\/product\/11473"}],"collection":[{"href":"https:\/\/retroeyeweartr.com\/index.php\/wp-json\/wp\/v2\/product"}],"about":[{"href":"https:\/\/retroeyeweartr.com\/index.php\/wp-json\/wp\/v2\/types\/product"}],"replies":[{"embeddable":true,"href":"https:\/\/retroeyeweartr.com\/index.php\/wp-json\/wp\/v2\/comments?post=11473"}],"version-history":[{"count":1,"href":"https:\/\/retroeyeweartr.com\/index.php\/wp-json\/wp\/v2\/product\/11473\/revisions"}],"predecessor-version":[{"id":11475,"href":"https:\/\/retroeyeweartr.com\/index.php\/wp-json\/wp\/v2\/product\/11473\/revisions\/11475"}],"wp:featuredmedia":[{"embeddable":true,"href":"https:\/\/retroeyeweartr.com\/index.php\/wp-json\/wp\/v2\/media\/11474"}],"wp:attachment":[{"href":"https:\/\/retroeyeweartr.com\/index.php\/wp-json\/wp\/v2\/media?parent=11473"}],"wp:term":[{"taxonomy":"product_cat","embeddable":true,"href":"https:\/\/retroeyeweartr.com\/index.php\/wp-json\/wp\/v2\/product_cat?post=11473"},{"taxonomy":"product_tag","embeddable":true,"href":"https:\/\/retroeyeweartr.com\/index.php\/wp-json\/wp\/v2\/product_tag?post=11473"}],"curies":[{"name":"wp","href":"https:\/\/api.w.org\/{rel}","templated":true}]}}