{"id":11448,"date":"2024-03-14T10:42:28","date_gmt":"2024-03-14T10:42:28","guid":{"rendered":"https:\/\/retroeyeweartr.com\/?post_type=product&#038;p=11448"},"modified":"2025-10-17T08:31:21","modified_gmt":"2025-10-17T08:31:21","slug":"retro-infinity-ii-c02-kadin-gunes-gozlugu","status":"publish","type":"product","link":"https:\/\/retroeyeweartr.com\/index.php\/urun\/retro-infinity-ii-c02-kadin-gunes-gozlugu\/","title":{"rendered":"RETRO INFINITY II C02 Kad\u0131n G\u00fcne\u015f G\u00f6zl\u00fc\u011f\u00fc"},"content":{"rendered":"<p><strong>RETRO INFINITY II C02 Kad\u0131n G\u00fcne\u015f G\u00f6zl\u00fc\u011f\u00fc<\/strong><\/p>\n<p><strong>\u00a0<\/strong><\/p>\n<p>RETRO INFINITY II C02 Kad\u0131n G\u00fcne\u015f G\u00f6zl\u00fc\u011f\u00fc asil \u00e7er\u00e7evelerin en ince detay\u0131na kadar d\u00fc\u015f\u00fcn\u00fclm\u00fc\u015f stili, benzersiz renk ve cam \u00f6zelliklerimizle donat\u0131larak, kad\u0131n ve erkek g\u00fcne\u015f g\u00f6zl\u00fc\u011f\u00fc \u00e7e\u015fitlerimizi zenginle\u015ftirmemize olanak tan\u0131yor&#8230;<\/p>\n<p>&nbsp;<\/p>\n<p><strong>\u00dcr\u00fcn \u00d6zellikleri;<\/strong><\/p>\n<table>\n<tbody>\n<tr>\n<td>Ekartman<\/td>\n<td>52*22*145 mm.<\/td>\n<\/tr>\n<tr>\n<td>\u00c7er\u00e7eve rengi<\/td>\n<td>Siyah\u00a0Gold\u00a0Detayl\u0131<\/td>\n<\/tr>\n<tr>\n<td>Materyal<\/td>\n<td>Kemik<\/td>\n<\/tr>\n<tr>\n<td>Cam \u00f6zelli\u011fi<\/td>\n<td>UV Korumal\u0131<\/td>\n<\/tr>\n<tr>\n<td>Cam Rengi<\/td>\n<td>F\u00fcme<\/td>\n<\/tr>\n<\/tbody>\n<\/table>\n<p>&nbsp;<\/p>\n<p>RETRO INFINITY II C02 Kad\u0131n G\u00fcne\u015f G\u00f6zl\u00fc\u011f\u00fcn\u00fcz, orijinal k\u0131l\u0131f\u0131 i\u00e7erisinde, RETRO logolu silme bezi ile orijinal kutusunda kargolanmaktad\u0131r.<\/p>\n<p>&nbsp;<\/p>\n<p>&nbsp;<\/p>\n<p>&nbsp;<\/p>\n<p>&nbsp;<\/p>\n","protected":false},"excerpt":{"rendered":"<p>RETRO INFINITY II C02 Kad\u0131n G\u00fcne\u015f G\u00f6zl\u00fc\u011f\u00fc \u00a0 RETRO INFINITY II C02 Kad\u0131n G\u00fcne\u015f G\u00f6zl\u00fc\u011f\u00fc asil \u00e7er\u00e7evelerin en ince detay\u0131na<\/p>\n","protected":false},"featured_media":11449,"comment_status":"open","ping_status":"closed","template":"","meta":[],"product_cat":[20],"product_tag":[],"_links":{"self":[{"href":"https:\/\/retroeyeweartr.com\/index.php\/wp-json\/wp\/v2\/product\/11448"}],"collection":[{"href":"https:\/\/retroeyeweartr.com\/index.php\/wp-json\/wp\/v2\/product"}],"about":[{"href":"https:\/\/retroeyeweartr.com\/index.php\/wp-json\/wp\/v2\/types\/product"}],"replies":[{"embeddable":true,"href":"https:\/\/retroeyeweartr.com\/index.php\/wp-json\/wp\/v2\/comments?post=11448"}],"version-history":[{"count":1,"href":"https:\/\/retroeyeweartr.com\/index.php\/wp-json\/wp\/v2\/product\/11448\/revisions"}],"predecessor-version":[{"id":11450,"href":"https:\/\/retroeyeweartr.com\/index.php\/wp-json\/wp\/v2\/product\/11448\/revisions\/11450"}],"wp:featuredmedia":[{"embeddable":true,"href":"https:\/\/retroeyeweartr.com\/index.php\/wp-json\/wp\/v2\/media\/11449"}],"wp:attachment":[{"href":"https:\/\/retroeyeweartr.com\/index.php\/wp-json\/wp\/v2\/media?parent=11448"}],"wp:term":[{"taxonomy":"product_cat","embeddable":true,"href":"https:\/\/retroeyeweartr.com\/index.php\/wp-json\/wp\/v2\/product_cat?post=11448"},{"taxonomy":"product_tag","embeddable":true,"href":"https:\/\/retroeyeweartr.com\/index.php\/wp-json\/wp\/v2\/product_tag?post=11448"}],"curies":[{"name":"wp","href":"https:\/\/api.w.org\/{rel}","templated":true}]}}