{"id":11325,"date":"2023-10-26T10:16:20","date_gmt":"2023-10-26T10:16:20","guid":{"rendered":"https:\/\/retroeyeweartr.com\/index.php\/urun\/retro-osaka-i-c10-kahve-unisex-gunes-gozlugu\/"},"modified":"2025-04-29T13:18:27","modified_gmt":"2025-04-29T13:18:27","slug":"retro-osaka-i-c10-kahve-unisex-gunes-gozlugu","status":"publish","type":"product","link":"https:\/\/retroeyeweartr.com\/index.php\/urun\/retro-osaka-i-c10-kahve-unisex-gunes-gozlugu\/","title":{"rendered":"Retro OSAKA I C10 KAHVE Unisex G\u00fcne\u015f G\u00f6zl\u00fc\u011f\u00fc"},"content":{"rendered":"<p>Retro OSAKA I C10 KAHVE Unisex G&uuml;ne\u015f G&ouml;zl&uuml;\u011f&uuml;<\/p>\n<p>Ekartaman : 45 mm<\/p>\n<p>Sap : 144 mm<\/p>\n<p>K&ouml;pr&uuml; : 22 mm<\/p>\n","protected":false},"excerpt":{"rendered":"<p>Retro OSAKA I C10 KAHVE Unisex G&uuml;ne\u015f G&ouml;zl&uuml;\u011f&uuml;<\/p>\n","protected":false},"featured_media":11324,"comment_status":"closed","ping_status":"closed","template":"","meta":[],"product_cat":[29],"product_tag":[],"_links":{"self":[{"href":"https:\/\/retroeyeweartr.com\/index.php\/wp-json\/wp\/v2\/product\/11325"}],"collection":[{"href":"https:\/\/retroeyeweartr.com\/index.php\/wp-json\/wp\/v2\/product"}],"about":[{"href":"https:\/\/retroeyeweartr.com\/index.php\/wp-json\/wp\/v2\/types\/product"}],"replies":[{"embeddable":true,"href":"https:\/\/retroeyeweartr.com\/index.php\/wp-json\/wp\/v2\/comments?post=11325"}],"version-history":[{"count":1,"href":"https:\/\/retroeyeweartr.com\/index.php\/wp-json\/wp\/v2\/product\/11325\/revisions"}],"predecessor-version":[{"id":11545,"href":"https:\/\/retroeyeweartr.com\/index.php\/wp-json\/wp\/v2\/product\/11325\/revisions\/11545"}],"wp:featuredmedia":[{"embeddable":true,"href":"https:\/\/retroeyeweartr.com\/index.php\/wp-json\/wp\/v2\/media\/11324"}],"wp:attachment":[{"href":"https:\/\/retroeyeweartr.com\/index.php\/wp-json\/wp\/v2\/media?parent=11325"}],"wp:term":[{"taxonomy":"product_cat","embeddable":true,"href":"https:\/\/retroeyeweartr.com\/index.php\/wp-json\/wp\/v2\/product_cat?post=11325"},{"taxonomy":"product_tag","embeddable":true,"href":"https:\/\/retroeyeweartr.com\/index.php\/wp-json\/wp\/v2\/product_tag?post=11325"}],"curies":[{"name":"wp","href":"https:\/\/api.w.org\/{rel}","templated":true}]}}