{"id":11307,"date":"2023-10-26T09:16:55","date_gmt":"2023-10-26T09:16:55","guid":{"rendered":"https:\/\/retroeyeweartr.com\/index.php\/urun\/retro-effect-c07-kadin-gunes-gozlugu\/"},"modified":"2026-03-05T06:31:23","modified_gmt":"2026-03-05T06:31:23","slug":"retro-effect-c07-kadin-gunes-gozlugu","status":"publish","type":"product","link":"https:\/\/retroeyeweartr.com\/index.php\/urun\/retro-effect-c07-kadin-gunes-gozlugu\/","title":{"rendered":"Retro EFFECT C07 Kad\u0131n G\u00fcne\u015f G\u00f6zl\u00fc\u011f\u00fc"},"content":{"rendered":"<p>Retro EFFECT C07 Kad\u0131n G&uuml;ne\u015f G&ouml;zl&uuml;\u011f&uuml;<\/p>\n<p>Ekartman : 53 mm<\/p>\n<p>Sap : 145 mm<\/p>\n<p>K&ouml;pr&uuml; : 20 mm<\/p>\n","protected":false},"excerpt":{"rendered":"<p>Retro EFFECT C07 Kad\u0131n G&uuml;ne\u015f G&ouml;zl&uuml;\u011f&uuml;<\/p>\n","protected":false},"featured_media":11304,"comment_status":"closed","ping_status":"closed","template":"","meta":[],"product_cat":[20],"product_tag":[],"_links":{"self":[{"href":"https:\/\/retroeyeweartr.com\/index.php\/wp-json\/wp\/v2\/product\/11307"}],"collection":[{"href":"https:\/\/retroeyeweartr.com\/index.php\/wp-json\/wp\/v2\/product"}],"about":[{"href":"https:\/\/retroeyeweartr.com\/index.php\/wp-json\/wp\/v2\/types\/product"}],"replies":[{"embeddable":true,"href":"https:\/\/retroeyeweartr.com\/index.php\/wp-json\/wp\/v2\/comments?post=11307"}],"version-history":[{"count":1,"href":"https:\/\/retroeyeweartr.com\/index.php\/wp-json\/wp\/v2\/product\/11307\/revisions"}],"predecessor-version":[{"id":11551,"href":"https:\/\/retroeyeweartr.com\/index.php\/wp-json\/wp\/v2\/product\/11307\/revisions\/11551"}],"wp:featuredmedia":[{"embeddable":true,"href":"https:\/\/retroeyeweartr.com\/index.php\/wp-json\/wp\/v2\/media\/11304"}],"wp:attachment":[{"href":"https:\/\/retroeyeweartr.com\/index.php\/wp-json\/wp\/v2\/media?parent=11307"}],"wp:term":[{"taxonomy":"product_cat","embeddable":true,"href":"https:\/\/retroeyeweartr.com\/index.php\/wp-json\/wp\/v2\/product_cat?post=11307"},{"taxonomy":"product_tag","embeddable":true,"href":"https:\/\/retroeyeweartr.com\/index.php\/wp-json\/wp\/v2\/product_tag?post=11307"}],"curies":[{"name":"wp","href":"https:\/\/api.w.org\/{rel}","templated":true}]}}