{"id":11254,"date":"2023-10-10T08:22:09","date_gmt":"2023-10-10T08:22:09","guid":{"rendered":"https:\/\/retroeyeweartr.com\/index.php\/urun\/retro-shade-iii-c01-unisex-gunes-gozlugu\/"},"modified":"2024-02-29T12:58:07","modified_gmt":"2024-02-29T12:58:07","slug":"retro-shade-iii-c01-unisex-gunes-gozlugu","status":"publish","type":"product","link":"https:\/\/retroeyeweartr.com\/index.php\/urun\/retro-shade-iii-c01-unisex-gunes-gozlugu\/","title":{"rendered":"Retro SHADE III C01 Unisex G\u00fcne\u015f G\u00f6zl\u00fc\u011f\u00fc"},"content":{"rendered":"<p>Retro SHADE III C01 Unisex G&uuml;ne\u015f G&ouml;zl&uuml;\u011f&uuml;<\/p>\n<p>&nbsp;<\/p>\n<p><span style=\"font-family:Calibri;font-size:medium\"><span style=\"font-family:Calibri;font-size:medium\">Retro SHADE III C01 Unisex G&uuml;ne\u015f G&ouml;zl&uuml;\u011f&uuml; <\/span><\/span><span style=\"color:#434343;font-family:Verdana;font-size:x-small\"><span style=\"color:#434343;font-family:Verdana;font-size:x-small\"><span style=\"color:#434343;font-family:Verdana;font-size:x-small\">Asil &ccedil;er&ccedil;evelerin en ince detay\u0131na kadar d&uuml;\u015f&uuml;n&uuml;lm&uuml;\u015f stili, benzersiz renk ve cam &ouml;zelliklerimizle donat\u0131larak, kad\u0131n ve erkek g&uuml;ne\u015f g&ouml;zl&uuml;\u011f&uuml; &ccedil;e\u015fitlerimizi zenginle\u015ftirmemize olanak tan\u0131yor&#8230;<\/span><\/span><\/span><\/p>\n<p><strong><span style=\"font-family:Montserrat;font-size:x-large\"><span style=\"font-family:Montserrat;font-size:x-large\">&Uuml;r&uuml;n &Ouml;zellikleri<\/span><\/span><\/strong><\/p>\n<p>&nbsp;<\/p>\n<p>&nbsp;<\/p>\n<table border=\"1\" cellspacing=\"1\" dir=\"ltr\" style=\"width:467px\">\n<tbody>\n<tr>\n<td>\n<p><span style=\"font-family:Montserrat;font-size:x-small\"><span style=\"font-family:Montserrat;font-size:x-small\">Marka &ndash; Model<\/span><\/span><\/p>\n<\/td>\n<td>\n<p><span style=\"font-family:Calibri;font-size:medium\"><span style=\"font-family:Calibri;font-size:medium\"><strong>Retro SHADE III C01 Unisex G&uuml;ne\u015f G&ouml;zl&uuml;\u011f&uuml;<\/strong><\/span><\/span><\/p>\n<\/td>\n<td>\n<p>&nbsp;<\/p>\n<\/td>\n<\/tr>\n<tr>\n<td>\n<p><span style=\"font-family:Montserrat;font-size:x-small\"><span style=\"font-family:Montserrat;font-size:x-small\">Ekartman<\/span><\/span><\/p>\n<\/td>\n<td>\n<p><span style=\"font-family:Montserrat;font-size:x-small\"><span style=\"font-family:Montserrat;font-size:x-small\"><strong>56*140*20<\/strong>mm.<\/span><\/span><\/p>\n<\/td>\n<td>\n<p>&nbsp;<\/p>\n<\/td>\n<\/tr>\n<tr>\n<td>\n<p><span style=\"font-family:Montserrat;font-size:x-small\"><span style=\"font-family:Montserrat;font-size:x-small\">&Ccedil;er&ccedil;eve rengi<\/span><\/span><\/p>\n<\/td>\n<td>\n<p><span style=\"font-family:Verdana;font-size:x-small\"><span style=\"font-family:Verdana;font-size:x-small\">Siyah<\/span><\/span><\/p>\n<\/td>\n<td>\n<p>&nbsp;<\/p>\n<\/td>\n<\/tr>\n<tr>\n<td>\n<p><span style=\"font-family:Montserrat;font-size:x-small\"><span style=\"font-family:Montserrat;font-size:x-small\">&Ccedil;er&ccedil;eve Stili<\/span><\/span><\/p>\n<\/td>\n<td>\n<p><span style=\"font-family:Verdana;font-size:x-small\"><span style=\"font-family:Verdana;font-size:x-small\">Oval<\/span><\/span><\/p>\n<\/td>\n<td>\n<p>&nbsp;<\/p>\n<\/td>\n<\/tr>\n<tr>\n<td>\n<p><span style=\"font-family:Montserrat;font-size:x-small\"><span style=\"font-family:Montserrat;font-size:x-small\">Materyal<\/span><\/span><\/p>\n<\/td>\n<td>\n<p><span style=\"font-family:Verdana;font-size:x-small\"><span style=\"font-family:Verdana;font-size:x-small\">Metal<\/span><\/span><\/p>\n<\/td>\n<td>\n<p>&nbsp;<\/p>\n<\/td>\n<\/tr>\n<tr>\n<td>\n<p><span style=\"font-family:Montserrat;font-size:x-small\"><span style=\"font-family:Montserrat;font-size:x-small\">Cam &ouml;zelli\u011fi<\/span><\/span><\/p>\n<\/td>\n<td>\n<p><span style=\"font-family:Verdana;font-size:x-small\"><span style=\"font-family:Verdana;font-size:x-small\">Uv400<\/span><\/span><\/p>\n<\/td>\n<td>\n<p>&nbsp;<\/p>\n<\/td>\n<\/tr>\n<tr>\n<td>\n<p><span style=\"font-family:Montserrat;font-size:x-small\"><span style=\"font-family:Montserrat;font-size:x-small\">Cam Rengi<\/span><\/span><\/p>\n<\/td>\n<td>\n<p><span style=\"font-family:Verdana;font-size:x-small\"><span style=\"font-family:Verdana;font-size:x-small\">F&uuml;me<\/span><\/span><\/p>\n<\/td>\n<td>\n<p>&nbsp;<\/p>\n<\/td>\n<\/tr>\n<\/tbody>\n<\/table>\n<p><span style=\"font-family:Montserrat;font-size:x-small\"><span style=\"font-family:Montserrat;font-size:x-small\">Online ma\u011fazam\u0131zdan alaca\u011f\u0131n\u0131z\u3000<\/span><\/span><span style=\"font-family:Calibri;font-size:medium\"><span style=\"font-family:Calibri;font-size:medium\"> <\/span><\/span><strong><span style=\"font-family:Montserrat;font-size:x-small\"><span style=\"font-family:Montserrat;font-size:x-small\">Retro SHADE III C01 Unisex G&uuml;ne\u015f G&ouml;zl&uuml;\u011f&uuml;n<\/span><\/span><\/strong><span style=\"font-family:Montserrat;font-size:x-small\"><span style=\"font-family:Montserrat;font-size:x-small\">&uuml;z&uuml;n garanti s&uuml;resi 24 ayd\u0131r. Garanti s&uuml;resi i&ccedil;erisinde verilecek hizmetler,<\/span><\/span><a href=\"http:\/\/www.sunsetgozluk.com\/\"><u><span style=\"font-family:Montserrat;font-size:medium\"><span style=\"font-family:Montserrat;font-size:medium\">\u3000<\/span><\/span><strong><span style=\"color:#1155cc;font-family:Montserrat;font-size:medium\"><span style=\"color:#1155cc;font-family:Montserrat;font-size:medium\"><span style=\"color:#1155cc;font-family:Montserrat;font-size:medium\">www.sunsetgozluk.com<\/span><\/span><\/span><\/strong><\/u><\/a><strong><span style=\"font-family:Montserrat;font-size:x-small\"><span style=\"font-family:Montserrat;font-size:x-small\">\u3000<\/span><\/span><\/strong><span style=\"font-family:Montserrat;font-size:x-small\"><span style=\"font-family:Montserrat;font-size:x-small\">taraf\u0131ndan sa\u011flanacakt\u0131r. Destek ve daha fazla bilgi almak i&ccedil;in\u3000<\/span><\/span><span style=\"color:#cc0000;font-family:Montserrat;font-size:x-small\"><span style=\"color:#cc0000;font-family:Montserrat;font-size:x-small\"><span style=\"color:#cc0000;font-family:Montserrat;font-size:x-small\">info@sunsetgozluk.com<\/span><\/span><\/span><span style=\"font-family:Montserrat;font-size:x-small\"><span style=\"font-family:Montserrat;font-size:x-small\">\u3000adresine e-posta g&ouml;nderebilir ya da\u3000<strong>0549 877 77 07<\/strong>\u3000numaral\u0131 telefondan bizimle ileti\u015fime ge&ccedil;ebilirsiniz.<\/span><\/span><\/p>\n<p><strong><span style=\"font-family:Montserrat;font-size:x-large\"><span style=\"font-family:Montserrat;font-size:x-large\">Garanti ve iade<\/span><\/span><\/strong><\/p>\n<p><span style=\"font-family:Montserrat;font-size:x-small\"><span style=\"font-family:Montserrat;font-size:x-small\">Sat\u0131n ald\u0131\u011f\u0131n\u0131z &uuml;r&uuml;n&uuml;n&uuml;z&uuml;, T&uuml;ketici Haklar\u0131 Koruma Kanunu kapsam\u0131nda &uuml;r&uuml;n &uuml;zerinde bulunan\u3000<strong>koruma kilidi a&ccedil;\u0131lmad\u0131\u011f\u0131 takdirde<\/strong>,\u3000<strong>15 g&uuml;n<\/strong>\u3000\u015farts\u0131z ko\u015fulsuz iade ve de\u011fi\u015fim yapabilirsiniz. Koruma kilidi a&ccedil;\u0131lan &uuml;r&uuml;nler i&ccedil;in iade ve de\u011fi\u015fim i\u015flemi yap\u0131lmayacakt\u0131r.<\/span><\/span><\/p>\n<p><strong>Retro SHADE III C01 Unisex G&uuml;ne\u015f G&ouml;zl&uuml;\u011f&uuml; <\/strong>orijinal k\u0131l\u0131f\u0131 i&ccedil;erisinde <strong>Retro l<\/strong>ogolu silme bezi ile orijinal kutusunda kargolanmaktad\u0131r.<strong> <\/strong><\/p>\n<p>&nbsp;<\/p>\n","protected":false},"excerpt":{"rendered":"<p>Retro SHADE III C01 Unisex G&uuml;ne\u015f G&ouml;zl&uuml;\u011f&uuml;<\/p>\n","protected":false},"featured_media":11251,"comment_status":"closed","ping_status":"closed","template":"","meta":[],"product_cat":[29],"product_tag":[],"_links":{"self":[{"href":"https:\/\/retroeyeweartr.com\/index.php\/wp-json\/wp\/v2\/product\/11254"}],"collection":[{"href":"https:\/\/retroeyeweartr.com\/index.php\/wp-json\/wp\/v2\/product"}],"about":[{"href":"https:\/\/retroeyeweartr.com\/index.php\/wp-json\/wp\/v2\/types\/product"}],"replies":[{"embeddable":true,"href":"https:\/\/retroeyeweartr.com\/index.php\/wp-json\/wp\/v2\/comments?post=11254"}],"version-history":[{"count":0,"href":"https:\/\/retroeyeweartr.com\/index.php\/wp-json\/wp\/v2\/product\/11254\/revisions"}],"wp:featuredmedia":[{"embeddable":true,"href":"https:\/\/retroeyeweartr.com\/index.php\/wp-json\/wp\/v2\/media\/11251"}],"wp:attachment":[{"href":"https:\/\/retroeyeweartr.com\/index.php\/wp-json\/wp\/v2\/media?parent=11254"}],"wp:term":[{"taxonomy":"product_cat","embeddable":true,"href":"https:\/\/retroeyeweartr.com\/index.php\/wp-json\/wp\/v2\/product_cat?post=11254"},{"taxonomy":"product_tag","embeddable":true,"href":"https:\/\/retroeyeweartr.com\/index.php\/wp-json\/wp\/v2\/product_tag?post=11254"}],"curies":[{"name":"wp","href":"https:\/\/api.w.org\/{rel}","templated":true}]}}