{"id":11030,"date":"2023-09-30T08:02:51","date_gmt":"2023-09-30T08:02:51","guid":{"rendered":"https:\/\/retroeyeweartr.com\/index.php\/urun\/retro-osaka-ii-c07-fume-unisex-gunes-gozlugu-2\/"},"modified":"2025-07-10T14:30:52","modified_gmt":"2025-07-10T14:30:52","slug":"retro-osaka-ii-c07-fume-unisex-gunes-gozlugu-2","status":"publish","type":"product","link":"https:\/\/retroeyeweartr.com\/index.php\/urun\/retro-osaka-ii-c07-fume-unisex-gunes-gozlugu-2\/","title":{"rendered":"Retro OSAKA II C07 F\u00dcME Unisex G\u00fcne\u015f G\u00f6zl\u00fc\u011f\u00fc"},"content":{"rendered":"<p>Retro OSAKA II C07 F&Uuml;ME Unisex G&uuml;ne\u015f G&ouml;zl&uuml;\u011f&uuml;<\/p>\n<p>Ekartman : 47 mm<\/p>\n<p>Sap : 144 mm<\/p>\n<p>K&ouml;pr&uuml; : 22 mm<\/p>\n","protected":false},"excerpt":{"rendered":"<p>Retro OSAKA II C07 F&Uuml;ME Unisex G&uuml;ne\u015f G&ouml;zl&uuml;\u011f&uuml;<\/p>\n","protected":false},"featured_media":11028,"comment_status":"closed","ping_status":"closed","template":"","meta":[],"product_cat":[29],"product_tag":[],"_links":{"self":[{"href":"https:\/\/retroeyeweartr.com\/index.php\/wp-json\/wp\/v2\/product\/11030"}],"collection":[{"href":"https:\/\/retroeyeweartr.com\/index.php\/wp-json\/wp\/v2\/product"}],"about":[{"href":"https:\/\/retroeyeweartr.com\/index.php\/wp-json\/wp\/v2\/types\/product"}],"replies":[{"embeddable":true,"href":"https:\/\/retroeyeweartr.com\/index.php\/wp-json\/wp\/v2\/comments?post=11030"}],"version-history":[{"count":1,"href":"https:\/\/retroeyeweartr.com\/index.php\/wp-json\/wp\/v2\/product\/11030\/revisions"}],"predecessor-version":[{"id":11577,"href":"https:\/\/retroeyeweartr.com\/index.php\/wp-json\/wp\/v2\/product\/11030\/revisions\/11577"}],"wp:featuredmedia":[{"embeddable":true,"href":"https:\/\/retroeyeweartr.com\/index.php\/wp-json\/wp\/v2\/media\/11028"}],"wp:attachment":[{"href":"https:\/\/retroeyeweartr.com\/index.php\/wp-json\/wp\/v2\/media?parent=11030"}],"wp:term":[{"taxonomy":"product_cat","embeddable":true,"href":"https:\/\/retroeyeweartr.com\/index.php\/wp-json\/wp\/v2\/product_cat?post=11030"},{"taxonomy":"product_tag","embeddable":true,"href":"https:\/\/retroeyeweartr.com\/index.php\/wp-json\/wp\/v2\/product_tag?post=11030"}],"curies":[{"name":"wp","href":"https:\/\/api.w.org\/{rel}","templated":true}]}}