{"id":11026,"date":"2023-09-30T08:02:02","date_gmt":"2023-09-30T08:02:02","guid":{"rendered":"https:\/\/retroeyeweartr.com\/index.php\/urun\/retro-everest-c01-g15-unisex-gunes-gozlugu\/"},"modified":"2024-04-24T13:44:20","modified_gmt":"2024-04-24T13:44:20","slug":"retro-everest-c01-g15-unisex-gunes-gozlugu","status":"publish","type":"product","link":"https:\/\/retroeyeweartr.com\/index.php\/urun\/retro-everest-c01-g15-unisex-gunes-gozlugu\/","title":{"rendered":"Retro EVEREST C01 G15 Unisex G\u00fcne\u015f G\u00f6zl\u00fc\u011f\u00fc"},"content":{"rendered":"<p>Retro EVEREST C01 G15 Unisex G&uuml;ne\u015f G&ouml;zl&uuml;\u011f&uuml;<\/p>\n<p>Ekartman : 47 mm<\/p>\n<p>Sap: 140 mm<\/p>\n<p>K&ouml;pr&uuml; : 22 mm<\/p>\n","protected":false},"excerpt":{"rendered":"<p>Retro EVEREST C01 G15 Unisex G&uuml;ne\u015f G&ouml;zl&uuml;\u011f&uuml;<\/p>\n","protected":false},"featured_media":11025,"comment_status":"closed","ping_status":"closed","template":"","meta":[],"product_cat":[29],"product_tag":[],"_links":{"self":[{"href":"https:\/\/retroeyeweartr.com\/index.php\/wp-json\/wp\/v2\/product\/11026"}],"collection":[{"href":"https:\/\/retroeyeweartr.com\/index.php\/wp-json\/wp\/v2\/product"}],"about":[{"href":"https:\/\/retroeyeweartr.com\/index.php\/wp-json\/wp\/v2\/types\/product"}],"replies":[{"embeddable":true,"href":"https:\/\/retroeyeweartr.com\/index.php\/wp-json\/wp\/v2\/comments?post=11026"}],"version-history":[{"count":1,"href":"https:\/\/retroeyeweartr.com\/index.php\/wp-json\/wp\/v2\/product\/11026\/revisions"}],"predecessor-version":[{"id":11580,"href":"https:\/\/retroeyeweartr.com\/index.php\/wp-json\/wp\/v2\/product\/11026\/revisions\/11580"}],"wp:featuredmedia":[{"embeddable":true,"href":"https:\/\/retroeyeweartr.com\/index.php\/wp-json\/wp\/v2\/media\/11025"}],"wp:attachment":[{"href":"https:\/\/retroeyeweartr.com\/index.php\/wp-json\/wp\/v2\/media?parent=11026"}],"wp:term":[{"taxonomy":"product_cat","embeddable":true,"href":"https:\/\/retroeyeweartr.com\/index.php\/wp-json\/wp\/v2\/product_cat?post=11026"},{"taxonomy":"product_tag","embeddable":true,"href":"https:\/\/retroeyeweartr.com\/index.php\/wp-json\/wp\/v2\/product_tag?post=11026"}],"curies":[{"name":"wp","href":"https:\/\/api.w.org\/{rel}","templated":true}]}}