{"id":10561,"date":"2023-02-21T12:14:50","date_gmt":"2023-02-21T12:14:50","guid":{"rendered":"https:\/\/retroeyeweartr.com\/index.php\/urun\/retro-dakar-ii-c01-fume-unisex-gunes-gozlugu\/"},"modified":"2023-10-19T12:57:48","modified_gmt":"2023-10-19T12:57:48","slug":"retro-dakar-ii-c01-fume-unisex-gunes-gozlugu","status":"publish","type":"product","link":"https:\/\/retroeyeweartr.com\/index.php\/urun\/retro-dakar-ii-c01-fume-unisex-gunes-gozlugu\/","title":{"rendered":"Retro DAKAR II C01 F\u00dcME Unisex G\u00fcne\u015f G\u00f6zl\u00fc\u011f\u00fc"},"content":{"rendered":"<p>Retro DAKAR II C01 F&Uuml;ME Unisex G&uuml;ne\u015f G&ouml;zl&uuml;\u011f&uuml;<\/p>\n<p>Ekartman: 47 mm<\/p>\n<p>k&ouml;pr&uuml;: 24 mm<\/p>\n<p>Sap: 140 mm<\/p>\n","protected":false},"excerpt":{"rendered":"<p>Retro DAKAR II C01 F&Uuml;ME Unisex G&uuml;ne\u015f G&ouml;zl&uuml;\u011f&uuml;<\/p>\n","protected":false},"featured_media":10558,"comment_status":"closed","ping_status":"closed","template":"","meta":[],"product_cat":[32,20,29],"product_tag":[],"_links":{"self":[{"href":"https:\/\/retroeyeweartr.com\/index.php\/wp-json\/wp\/v2\/product\/10561"}],"collection":[{"href":"https:\/\/retroeyeweartr.com\/index.php\/wp-json\/wp\/v2\/product"}],"about":[{"href":"https:\/\/retroeyeweartr.com\/index.php\/wp-json\/wp\/v2\/types\/product"}],"replies":[{"embeddable":true,"href":"https:\/\/retroeyeweartr.com\/index.php\/wp-json\/wp\/v2\/comments?post=10561"}],"version-history":[{"count":0,"href":"https:\/\/retroeyeweartr.com\/index.php\/wp-json\/wp\/v2\/product\/10561\/revisions"}],"wp:featuredmedia":[{"embeddable":true,"href":"https:\/\/retroeyeweartr.com\/index.php\/wp-json\/wp\/v2\/media\/10558"}],"wp:attachment":[{"href":"https:\/\/retroeyeweartr.com\/index.php\/wp-json\/wp\/v2\/media?parent=10561"}],"wp:term":[{"taxonomy":"product_cat","embeddable":true,"href":"https:\/\/retroeyeweartr.com\/index.php\/wp-json\/wp\/v2\/product_cat?post=10561"},{"taxonomy":"product_tag","embeddable":true,"href":"https:\/\/retroeyeweartr.com\/index.php\/wp-json\/wp\/v2\/product_tag?post=10561"}],"curies":[{"name":"wp","href":"https:\/\/api.w.org\/{rel}","templated":true}]}}